{"id":819,"date":"2023-02-17T07:32:36","date_gmt":"2023-02-17T07:32:36","guid":{"rendered":"https:\/\/new.millpak.ee\/cnc-turning\/"},"modified":"2023-03-04T08:49:31","modified_gmt":"2023-03-04T08:49:31","slug":"cnc-turning-sorvaustyosto","status":"publish","type":"page","link":"https:\/\/millpak.ee\/fi\/cnc-turning-sorvaustyosto\/","title":{"rendered":"CNC Turning &#8211; sorvausty\u00f6st\u00f6"},"content":{"rendered":"<section class=\"l-section wpb_row us_custom_2f0b7fbe us_animate_this height_huge with_img with_shape\"><div class=\"l-section-img\" role=\"img\" data-img-width=\"1984\" data-img-height=\"1377\" style=\"background-image: url(https:\/\/millpak.ee\/wp-content\/uploads\/2023\/02\/CNC-treimine-1.jpg);background-repeat: no-repeat;\"><\/div><div class=\"l-section-overlay\" style=\"background:rgba(255,255,255,0.20)\"><\/div><div class=\"l-section-shape type_triangle pos_bottom\" style=\"height:17vmin;\"><svg xmlns=\"http:\/\/www.w3.org\/2000\/svg\" viewBox=\"0 0 64 8\" preserveAspectRatio=\"none\" width=\"100%\" height=\"100%\">\r\n\t<path fill=\"currentColor\" d=\"M64 8 L0 8 L0 0 L32 7.9 L64 0 Z\"\/>\r\n<\/svg><\/div><div class=\"l-section-h i-cf\"><div class=\"g-cols vc_row via_flex valign_middle type_default stacking_default\"><div class=\"vc_col-sm-12 wpb_column vc_column_container\"><div class=\"vc_column-inner us_custom_cb400be3\"><div class=\"wpb_wrapper\"><\/div><\/div><\/div><\/div><\/div><\/section><section class=\"l-section wpb_row us_custom_19113836 us_animate_this height_large\"><div class=\"l-section-h i-cf\"><div class=\"g-cols vc_row via_flex valign_top type_default stacking_default\"><div class=\"vc_col-sm-12 wpb_column vc_column_container\"><div class=\"vc_column-inner\"><div class=\"wpb_wrapper\"><div class=\"g-cols wpb_row via_flex valign_top type_default stacking_default\"><div class=\"vc_col-sm-3 wpb_column vc_column_container\"><div class=\"vc_column-inner\"><div class=\"wpb_wrapper\">[vc_custom_heading text=&#8221;CNC Turning &#8211; sorvausty\u00f6st\u00f6&#8221; font_container=&#8221;tag:h1|text_align:left&#8221; use_theme_fonts=&#8221;yes&#8221; css=&#8221;%7B%22default%22%3A%7B%22color%22%3A%22_content_primary%22%2C%22font-size%22%3A%22calc%2818px%20%2B%201vmax%29%22%2C%22line-height%22%3A%221.1%22%7D%7D&#8221;]<\/div><\/div><\/div><div class=\"vc_col-sm-9 wpb_column vc_column_container\"><div class=\"vc_column-inner\"><div class=\"wpb_wrapper\"><div class=\"wpb_text_column\"><div class=\"wpb_wrapper\"><p>Tarjoamme l\u00e4pimitoiltaan 8 mm:st\u00e4 380 mm:een olevien osien sorvausty\u00f6st\u00f6n. Ty\u00f6st\u00f6 tapahtuu nykyaikaisilla digitaaliohjelmoiduilla ty\u00f6st\u00f6koneilla (CNC). K\u00e4ytett\u00e4viss\u00e4mme on my\u00f6s t\u00e4ysin automatisoitu ty\u00f6st\u00f6kone, jolla voidaan valmistaa tuotteita isoin tuote-erin, sek\u00e4 tehoty\u00f6st\u00f6kappaleella varustettuja ty\u00f6st\u00f6koneita (Live Tooling), mill\u00e4 on mahdollista ty\u00f6st\u00e4\u00e4 erilaisvaikeusasteisia osia.<\/p>\n<\/div><\/div><\/div><\/div><\/div><\/div><\/div><\/div><\/div><\/div><\/div><\/section><section class=\"l-section wpb_row height_auto width_full\"><div class=\"l-section-h i-cf\"><div class=\"g-cols vc_row via_flex valign_top type_default stacking_default\"><div class=\"vc_col-sm-12 wpb_column vc_column_container\"><div class=\"vc_column-inner\"><div class=\"wpb_wrapper\"><div class=\"w-separator size_small with_line width_default thick_1 style_solid color_border align_center\"><div class=\"w-separator-h\"><\/div><\/div><\/div><\/div><\/div><\/div><\/div><\/section>\n","protected":false},"excerpt":{"rendered":"[vc_custom_heading text=\"CNC Turning - sorvausty\u00f6st\u00f6\" font_container=\"tag:h1|text_align:left\" use_theme_fonts=\"yes\" css=\"%7B%22default%22%3A%7B%22color%22%3A%22_content_primary%22%2C%22font-size%22%3A%22calc%2818px%20%2B%201vmax%29%22%2C%22line-height%22%3A%221.1%22%7D%7D\"]Tarjoamme l\u00e4pimitoiltaan 8 mm:st\u00e4 380 mm:een olevien osien sorvausty\u00f6st\u00f6n. Ty\u00f6st\u00f6 tapahtuu nykyaikaisilla digitaaliohjelmoiduilla ty\u00f6st\u00f6koneilla (CNC). K\u00e4ytett\u00e4viss\u00e4mme on my\u00f6s t\u00e4ysin automatisoitu ty\u00f6st\u00f6kone, jolla voidaan valmistaa tuotteita isoin tuote-erin, sek\u00e4 tehoty\u00f6st\u00f6kappaleella varustettuja ty\u00f6st\u00f6koneita (Live Tooling), mill\u00e4 on mahdollista ty\u00f6st\u00e4\u00e4 erilaisvaikeusasteisia osia.","protected":false},"author":1,"featured_media":756,"parent":0,"menu_order":0,"comment_status":"closed","ping_status":"closed","template":"","meta":{"footnotes":""},"class_list":["post-819","page","type-page","status-publish","has-post-thumbnail","hentry"],"yoast_head":"<!-- This site is optimized with the Yoast SEO plugin v25.0 - https:\/\/yoast.com\/wordpress\/plugins\/seo\/ -->\n<title>CNC Turning - sorvausty\u00f6st\u00f6 - Millpak<\/title>\n<meta name=\"robots\" content=\"index, follow, max-snippet:-1, max-image-preview:large, max-video-preview:-1\" \/>\n<link rel=\"canonical\" href=\"https:\/\/millpak.ee\/fi\/cnc-turning-sorvaustyosto\/\" \/>\n<meta property=\"og:locale\" content=\"fi_FI\" \/>\n<meta property=\"og:type\" content=\"article\" \/>\n<meta property=\"og:title\" content=\"CNC Turning - sorvausty\u00f6st\u00f6 - Millpak\" \/>\n<meta property=\"og:url\" content=\"https:\/\/millpak.ee\/fi\/cnc-turning-sorvaustyosto\/\" \/>\n<meta property=\"og:site_name\" content=\"Millpak\" \/>\n<meta property=\"article:modified_time\" content=\"2023-03-04T08:49:31+00:00\" \/>\n<meta property=\"og:image\" content=\"https:\/\/millpak.ee\/wp-content\/uploads\/2023\/02\/CNC-treimine-1.jpg\" \/>\n\t<meta property=\"og:image:width\" content=\"1984\" \/>\n\t<meta property=\"og:image:height\" content=\"1377\" \/>\n\t<meta property=\"og:image:type\" content=\"image\/jpeg\" \/>\n<meta name=\"twitter:card\" content=\"summary_large_image\" \/>\n<meta name=\"twitter:label1\" content=\"Arvioitu lukuaika\" \/>\n\t<meta name=\"twitter:data1\" content=\"1 minuutti\" \/>\n<script type=\"application\/ld+json\" class=\"yoast-schema-graph\">{\"@context\":\"https:\/\/schema.org\",\"@graph\":[{\"@type\":\"WebPage\",\"@id\":\"https:\/\/millpak.ee\/fi\/cnc-turning-sorvaustyosto\/\",\"url\":\"https:\/\/millpak.ee\/fi\/cnc-turning-sorvaustyosto\/\",\"name\":\"CNC Turning - sorvausty\u00f6st\u00f6 - Millpak\",\"isPartOf\":{\"@id\":\"https:\/\/millpak.ee\/#website\"},\"primaryImageOfPage\":{\"@id\":\"https:\/\/millpak.ee\/fi\/cnc-turning-sorvaustyosto\/#primaryimage\"},\"image\":{\"@id\":\"https:\/\/millpak.ee\/fi\/cnc-turning-sorvaustyosto\/#primaryimage\"},\"thumbnailUrl\":\"https:\/\/millpak.ee\/wp-content\/uploads\/2023\/02\/CNC-treimine-1.jpg\",\"datePublished\":\"2023-02-17T07:32:36+00:00\",\"dateModified\":\"2023-03-04T08:49:31+00:00\",\"breadcrumb\":{\"@id\":\"https:\/\/millpak.ee\/fi\/cnc-turning-sorvaustyosto\/#breadcrumb\"},\"inLanguage\":\"fi\",\"potentialAction\":[{\"@type\":\"ReadAction\",\"target\":[\"https:\/\/millpak.ee\/fi\/cnc-turning-sorvaustyosto\/\"]}]},{\"@type\":\"ImageObject\",\"inLanguage\":\"fi\",\"@id\":\"https:\/\/millpak.ee\/fi\/cnc-turning-sorvaustyosto\/#primaryimage\",\"url\":\"https:\/\/millpak.ee\/wp-content\/uploads\/2023\/02\/CNC-treimine-1.jpg\",\"contentUrl\":\"https:\/\/millpak.ee\/wp-content\/uploads\/2023\/02\/CNC-treimine-1.jpg\",\"width\":1984,\"height\":1377},{\"@type\":\"BreadcrumbList\",\"@id\":\"https:\/\/millpak.ee\/fi\/cnc-turning-sorvaustyosto\/#breadcrumb\",\"itemListElement\":[{\"@type\":\"ListItem\",\"position\":1,\"name\":\"Home\",\"item\":\"https:\/\/millpak.ee\/fi\/\"},{\"@type\":\"ListItem\",\"position\":2,\"name\":\"CNC Turning &#8211; sorvausty\u00f6st\u00f6\"}]},{\"@type\":\"WebSite\",\"@id\":\"https:\/\/millpak.ee\/#website\",\"url\":\"https:\/\/millpak.ee\/\",\"name\":\"Millpak\",\"description\":\"\",\"publisher\":{\"@id\":\"https:\/\/millpak.ee\/#organization\"},\"potentialAction\":[{\"@type\":\"SearchAction\",\"target\":{\"@type\":\"EntryPoint\",\"urlTemplate\":\"https:\/\/millpak.ee\/?s={search_term_string}\"},\"query-input\":{\"@type\":\"PropertyValueSpecification\",\"valueRequired\":true,\"valueName\":\"search_term_string\"}}],\"inLanguage\":\"fi\"},{\"@type\":\"Organization\",\"@id\":\"https:\/\/millpak.ee\/#organization\",\"name\":\"Millpak O\u00dc\",\"url\":\"https:\/\/millpak.ee\/\",\"logo\":{\"@type\":\"ImageObject\",\"inLanguage\":\"fi\",\"@id\":\"https:\/\/millpak.ee\/#\/schema\/logo\/image\/\",\"url\":\"https:\/\/millpak.ee\/wp-content\/uploads\/2023\/02\/millpak.svg\",\"contentUrl\":\"https:\/\/millpak.ee\/wp-content\/uploads\/2023\/02\/millpak.svg\",\"width\":\"1024\",\"height\":\"1024\",\"caption\":\"Millpak O\u00dc\"},\"image\":{\"@id\":\"https:\/\/millpak.ee\/#\/schema\/logo\/image\/\"}}]}<\/script>\n<!-- \/ Yoast SEO plugin. -->","yoast_head_json":{"title":"CNC Turning - sorvausty\u00f6st\u00f6 - Millpak","robots":{"index":"index","follow":"follow","max-snippet":"max-snippet:-1","max-image-preview":"max-image-preview:large","max-video-preview":"max-video-preview:-1"},"canonical":"https:\/\/millpak.ee\/fi\/cnc-turning-sorvaustyosto\/","og_locale":"fi_FI","og_type":"article","og_title":"CNC Turning - sorvausty\u00f6st\u00f6 - Millpak","og_url":"https:\/\/millpak.ee\/fi\/cnc-turning-sorvaustyosto\/","og_site_name":"Millpak","article_modified_time":"2023-03-04T08:49:31+00:00","og_image":[{"width":1984,"height":1377,"url":"https:\/\/millpak.ee\/wp-content\/uploads\/2023\/02\/CNC-treimine-1.jpg","type":"image\/jpeg"}],"twitter_card":"summary_large_image","twitter_misc":{"Arvioitu lukuaika":"1 minuutti"},"schema":{"@context":"https:\/\/schema.org","@graph":[{"@type":"WebPage","@id":"https:\/\/millpak.ee\/fi\/cnc-turning-sorvaustyosto\/","url":"https:\/\/millpak.ee\/fi\/cnc-turning-sorvaustyosto\/","name":"CNC Turning - sorvausty\u00f6st\u00f6 - Millpak","isPartOf":{"@id":"https:\/\/millpak.ee\/#website"},"primaryImageOfPage":{"@id":"https:\/\/millpak.ee\/fi\/cnc-turning-sorvaustyosto\/#primaryimage"},"image":{"@id":"https:\/\/millpak.ee\/fi\/cnc-turning-sorvaustyosto\/#primaryimage"},"thumbnailUrl":"https:\/\/millpak.ee\/wp-content\/uploads\/2023\/02\/CNC-treimine-1.jpg","datePublished":"2023-02-17T07:32:36+00:00","dateModified":"2023-03-04T08:49:31+00:00","breadcrumb":{"@id":"https:\/\/millpak.ee\/fi\/cnc-turning-sorvaustyosto\/#breadcrumb"},"inLanguage":"fi","potentialAction":[{"@type":"ReadAction","target":["https:\/\/millpak.ee\/fi\/cnc-turning-sorvaustyosto\/"]}]},{"@type":"ImageObject","inLanguage":"fi","@id":"https:\/\/millpak.ee\/fi\/cnc-turning-sorvaustyosto\/#primaryimage","url":"https:\/\/millpak.ee\/wp-content\/uploads\/2023\/02\/CNC-treimine-1.jpg","contentUrl":"https:\/\/millpak.ee\/wp-content\/uploads\/2023\/02\/CNC-treimine-1.jpg","width":1984,"height":1377},{"@type":"BreadcrumbList","@id":"https:\/\/millpak.ee\/fi\/cnc-turning-sorvaustyosto\/#breadcrumb","itemListElement":[{"@type":"ListItem","position":1,"name":"Home","item":"https:\/\/millpak.ee\/fi\/"},{"@type":"ListItem","position":2,"name":"CNC Turning &#8211; sorvausty\u00f6st\u00f6"}]},{"@type":"WebSite","@id":"https:\/\/millpak.ee\/#website","url":"https:\/\/millpak.ee\/","name":"Millpak","description":"","publisher":{"@id":"https:\/\/millpak.ee\/#organization"},"potentialAction":[{"@type":"SearchAction","target":{"@type":"EntryPoint","urlTemplate":"https:\/\/millpak.ee\/?s={search_term_string}"},"query-input":{"@type":"PropertyValueSpecification","valueRequired":true,"valueName":"search_term_string"}}],"inLanguage":"fi"},{"@type":"Organization","@id":"https:\/\/millpak.ee\/#organization","name":"Millpak O\u00dc","url":"https:\/\/millpak.ee\/","logo":{"@type":"ImageObject","inLanguage":"fi","@id":"https:\/\/millpak.ee\/#\/schema\/logo\/image\/","url":"https:\/\/millpak.ee\/wp-content\/uploads\/2023\/02\/millpak.svg","contentUrl":"https:\/\/millpak.ee\/wp-content\/uploads\/2023\/02\/millpak.svg","width":"1024","height":"1024","caption":"Millpak O\u00dc"},"image":{"@id":"https:\/\/millpak.ee\/#\/schema\/logo\/image\/"}}]}},"_links":{"self":[{"href":"https:\/\/millpak.ee\/fi\/wp-json\/wp\/v2\/pages\/819","targetHints":{"allow":["GET"]}}],"collection":[{"href":"https:\/\/millpak.ee\/fi\/wp-json\/wp\/v2\/pages"}],"about":[{"href":"https:\/\/millpak.ee\/fi\/wp-json\/wp\/v2\/types\/page"}],"author":[{"embeddable":true,"href":"https:\/\/millpak.ee\/fi\/wp-json\/wp\/v2\/users\/1"}],"replies":[{"embeddable":true,"href":"https:\/\/millpak.ee\/fi\/wp-json\/wp\/v2\/comments?post=819"}],"version-history":[{"count":2,"href":"https:\/\/millpak.ee\/fi\/wp-json\/wp\/v2\/pages\/819\/revisions"}],"predecessor-version":[{"id":821,"href":"https:\/\/millpak.ee\/fi\/wp-json\/wp\/v2\/pages\/819\/revisions\/821"}],"wp:featuredmedia":[{"embeddable":true,"href":"https:\/\/millpak.ee\/fi\/wp-json\/wp\/v2\/media\/756"}],"wp:attachment":[{"href":"https:\/\/millpak.ee\/fi\/wp-json\/wp\/v2\/media?parent=819"}],"curies":[{"name":"wp","href":"https:\/\/api.w.org\/{rel}","templated":true}]}}