{"id":815,"date":"2023-02-17T09:10:09","date_gmt":"2023-02-17T09:10:09","guid":{"rendered":"https:\/\/new.millpak.ee\/about\/"},"modified":"2023-03-04T08:55:55","modified_gmt":"2023-03-04T08:55:55","slug":"meista","status":"publish","type":"page","link":"https:\/\/millpak.ee\/fi\/meista\/","title":{"rendered":"Meist\u00e4"},"content":{"rendered":"<section class=\"l-section wpb_row us_custom_a518f36e us_animate_this height_huge with_slider with_shape\"><div class=\"l-section-slider\"><div class=\"w-slider style_none fit_cover nav_none count_7\"><div class=\"w-slider-h\"><div class=\"royalSlider\"><div class=\"rsContent\"><a class=\"rsImg\" data-rsw=\"2000\" data-rsh=\"1333\" href=\"https:\/\/millpak.ee\/wp-content\/uploads\/2023\/02\/millpak-02.jpg\"><span data-alt=\"\"><\/span><\/a><\/div><div class=\"rsContent\"><a class=\"rsImg\" data-rsw=\"2000\" data-rsh=\"1333\" href=\"https:\/\/millpak.ee\/wp-content\/uploads\/2023\/02\/millpak-03.jpg\"><span data-alt=\"\"><\/span><\/a><\/div><div class=\"rsContent\"><a class=\"rsImg\" data-rsw=\"2000\" data-rsh=\"1333\" href=\"https:\/\/millpak.ee\/wp-content\/uploads\/2023\/02\/millpak-04.jpg\"><span data-alt=\"\"><\/span><\/a><\/div><div class=\"rsContent\"><a class=\"rsImg\" data-rsw=\"2000\" data-rsh=\"1333\" href=\"https:\/\/millpak.ee\/wp-content\/uploads\/2023\/02\/millpak-05.jpg\"><span data-alt=\"\"><\/span><\/a><\/div><div class=\"rsContent\"><a class=\"rsImg\" data-rsw=\"2000\" data-rsh=\"1333\" href=\"https:\/\/millpak.ee\/wp-content\/uploads\/2023\/02\/millpak-06.jpg\"><span data-alt=\"\"><\/span><\/a><\/div><div class=\"rsContent\"><a class=\"rsImg\" data-rsw=\"2000\" data-rsh=\"1333\" href=\"https:\/\/millpak.ee\/wp-content\/uploads\/2023\/03\/IMG_3715-scaled.jpg\"><span data-alt=\"\"><\/span><\/a><\/div><div class=\"rsContent\"><a class=\"rsImg\" data-rsw=\"2000\" data-rsh=\"1333\" href=\"https:\/\/millpak.ee\/wp-content\/uploads\/2023\/03\/IMG_3734-scaled.jpg\"><span data-alt=\"\"><\/span><\/a><\/div><\/div><img decoding=\"async\" src=\"https:\/\/millpak.ee\/wp-content\/uploads\/2023\/02\/millpak-02.jpg\" width=\"2000\" height=\"1333\" alt loading=\"lazy\"><\/div><div class=\"w-slider-json\" onclick='return {&quot;autoScaleSlider&quot;:true,&quot;addActiveClass&quot;:true,&quot;loop&quot;:true,&quot;fadeInLoadedSlide&quot;:false,&quot;slidesSpacing&quot;:0,&quot;imageScalePadding&quot;:0,&quot;numImagesToPreload&quot;:2,&quot;arrowsNav&quot;:false,&quot;arrowsNavAutoHide&quot;:false,&quot;transitionType&quot;:&quot;fade&quot;,&quot;transitionSpeed&quot;:1500,&quot;block&quot;:{&quot;moveEffect&quot;:&quot;none&quot;,&quot;speed&quot;:300},&quot;thumbs&quot;:{&quot;fitInViewport&quot;:false,&quot;firstMargin&quot;:false,&quot;spacing&quot;:4},&quot;controlNavigation&quot;:&quot;none&quot;,&quot;autoplay&quot;:{&quot;enabled&quot;:true,&quot;pauseOnHover&quot;:false,&quot;delay&quot;:3000},&quot;autoScaleSliderWidth&quot;:2000,&quot;autoScaleSliderHeight&quot;:1333}'><\/div><\/div><\/div><div class=\"l-section-overlay\" style=\"background:rgba(255,255,255,0.10)\"><\/div><div class=\"l-section-shape type_triangle pos_bottom\" style=\"height:17vmin;\"><svg xmlns=\"http:\/\/www.w3.org\/2000\/svg\" viewBox=\"0 0 64 8\" preserveAspectRatio=\"none\" width=\"100%\" height=\"100%\">\r\n\t<path fill=\"currentColor\" d=\"M64 8 L0 8 L0 0 L32 7.9 L64 0 Z\"\/>\r\n<\/svg><\/div><div class=\"l-section-h i-cf\"><div class=\"g-cols vc_row via_flex valign_middle type_default stacking_default\"><div class=\"vc_col-sm-12 wpb_column vc_column_container\"><div class=\"vc_column-inner us_custom_cb400be3\"><div class=\"wpb_wrapper\">[vc_custom_heading text=&#8221;Meist\u00e4&#8221; font_container=&#8221;tag:h1|text_align:center&#8221; use_theme_fonts=&#8221;yes&#8221;]<\/div><\/div><\/div><\/div><\/div><\/section><section class=\"l-section wpb_row us_custom_19113836 us_animate_this height_large\"><div class=\"l-section-h i-cf\"><div class=\"g-cols vc_row via_flex valign_top type_default stacking_default\"><div class=\"vc_col-sm-12 wpb_column vc_column_container\"><div class=\"vc_column-inner\"><div class=\"wpb_wrapper\"><div class=\"g-cols wpb_row via_flex valign_top type_default stacking_default\" style=\"--additional-gap:1.5rem;\"><div class=\"vc_col-sm-6 wpb_column vc_column_container\"><div class=\"vc_column-inner\"><div class=\"wpb_wrapper\"><div class=\"w-iconbox iconpos_left style_default color_primary align_none no_title\"><div class=\"w-iconbox-icon\" style=\"font-size:2rem;\"><i class=\"fal fa-shield-check\"><\/i><\/div><div class=\"w-iconbox-meta\"><div class=\"w-iconbox-text\"><p><strong>Millpak O\u00dc<\/strong> on nykyaikainen yhti\u00f6, joka tarjoaa mit\u00e4 korkeimpaa laatutasoa olevaa mekaanista ty\u00f6st\u00f6\u00e4 k\u00e4ytt\u00e4en korkealaatuisia laitteita ja ensiluokkaisia teknologioita. Sijaintimme on Viron p\u00e4\u00e4kaupungissa Tallinnassa. Sellainen sijainti mahdollistaa meid\u00e4n olla tehokkaassa yhteistoiminnassa niin Pohjoismaiden kuin muidenkin Euroopan Unionin maiden kanssa.<\/p>\n<\/div><\/div><\/div><div class=\"w-separator hide_on_tablets hide_on_mobiles size_small\"><\/div><\/div><\/div><\/div><div class=\"vc_col-sm-6 wpb_column vc_column_container\"><div class=\"vc_column-inner\"><div class=\"wpb_wrapper\"><div class=\"w-iconbox iconpos_left style_default color_primary align_none no_title\"><div class=\"w-iconbox-icon\" style=\"font-size:2rem;\"><i class=\"fal fa-shield-check\"><\/i><\/div><div class=\"w-iconbox-meta\"><div class=\"w-iconbox-text\"><p><strong>Tavoitteittemme takaamiseksi<\/strong> k\u00e4yt\u00e4mme mit\u00e4 nykyaikaisinta laitteistoa, CAD- ja CAM-ohjelmistoa sek\u00e4 seuraamme innovaatioita mekaanisen ty\u00f6st\u00f6n maailmassa.<\/p>\n<\/div><\/div><\/div><div class=\"w-separator hide_on_tablets hide_on_mobiles size_small\"><\/div><\/div><\/div><\/div><div class=\"vc_col-sm-6 wpb_column vc_column_container\"><div class=\"vc_column-inner\"><div class=\"wpb_wrapper\"><div class=\"w-iconbox iconpos_left style_default color_primary align_none no_title\"><div class=\"w-iconbox-icon\" style=\"font-size:2rem;\"><i class=\"fal fa-shield-check\"><\/i><\/div><div class=\"w-iconbox-meta\"><div class=\"w-iconbox-text\"><p><strong>Voimme tarjota<\/strong> sek\u00e4 kappale- ett\u00e4 sarjavalmistuksen, kuitenkin koneosien kappalem\u00e4\u00e4r\u00e4n on oltava 25:st\u00e4 5000:een tuote-er\u00e4ss\u00e4. Huolimatta siit\u00e4, onko kyseess\u00e4 tuote\u00e4er\u00e4st\u00e4 ensimm\u00e4inen tai viimeinen osa, osien tarkkailumme ja kolmitaroisen laadunvalvonnan ansiosta voimme taata sen, ett\u00e4 tilaajamme saa yksinomaan laadukkaat tuotteet.<\/p>\n<\/div><\/div><\/div><\/div><\/div><\/div><div class=\"vc_col-sm-6 wpb_column vc_column_container\"><div class=\"vc_column-inner\"><div class=\"wpb_wrapper\"><div class=\"w-iconbox iconpos_left style_default color_primary align_none no_title\"><div class=\"w-iconbox-icon\" style=\"font-size:2rem;\"><i class=\"fal fa-shield-check\"><\/i><\/div><div class=\"w-iconbox-meta\"><div class=\"w-iconbox-text\"><p><strong>Toimintamme perussuuntauksena<\/strong> on koneosien valmistus erilaisista metalleista ja muoveista leikkaamalla sellaisille teollisuushaaroille kuten konerakennus, energiatalous, elektroniikka, elintarviketeollisuus. Pyrimme takaamaan asiakkaillemme toimituksen korkeimman laadun, t\u00e4sm\u00e4llisyyden ja s\u00e4\u00e4detyt m\u00e4\u00e4r\u00e4ajat. T\u00e4ht\u00e4\u00e4mme pitempiaikaiseen ja molemmin puolin edulliseen yhteistoimintaan asiakkaittemme kanssa.<\/p>\n<\/div><\/div><\/div><\/div><\/div><\/div><\/div><\/div><\/div><\/div><\/div><\/div><\/section><section class=\"l-section wpb_row height_large with_img parallax_ver\"><div class=\"l-section-img\" role=\"img\" data-img-width=\"2521\" data-img-height=\"1939\" style=\"background-image: url(https:\/\/millpak.ee\/wp-content\/uploads\/2023\/02\/bg.png);background-repeat: no-repeat;\"><\/div><div class=\"l-section-overlay\" style=\"background:rgba(51,51,51,0.05)\"><\/div><div class=\"l-section-h i-cf\"><div class=\"g-cols vc_row via_flex valign_top type_default stacking_default\"><div class=\"vc_col-sm-12 wpb_column vc_column_container\"><div class=\"vc_column-inner\"><div class=\"wpb_wrapper\">[vc_custom_heading text=&#8221;Meid\u00e4n kanssamme ty\u00f6skentelyn edullisuudet&#8221; font_container=&#8221;tag:h2|text_align:center&#8221; use_theme_fonts=&#8221;yes&#8221;]<div class=\"w-separator hide_on_tablets hide_on_mobiles size_medium\"><\/div><div class=\"g-cols wpb_row via_flex valign_top type_default stacking_default\"><div class=\"vc_col-sm-3 wpb_column vc_column_container\"><div class=\"vc_column-inner\"><div class=\"wpb_wrapper\"><div class=\"w-iconbox us_custom_f70d789f us_animate_this iconpos_top style_default color_primary align_center no_text\"><div class=\"w-iconbox-icon\" style=\"font-size:2rem;\"><i class=\"fal fa-check\"><\/i><\/div><div class=\"w-iconbox-meta\"><h5 class=\"w-iconbox-title\">Yksil\u00f6kohtainen asennoituminen asiakkaaseen<\/h5><\/div><\/div><\/div><\/div><\/div><div class=\"vc_col-sm-3 wpb_column vc_column_container\"><div class=\"vc_column-inner\"><div class=\"wpb_wrapper\"><div class=\"w-iconbox us_custom_de366d1c us_animate_this iconpos_top style_default color_primary align_center no_text\"><div class=\"w-iconbox-icon\" style=\"font-size:2rem;\"><i class=\"fal fa-check\"><\/i><\/div><div class=\"w-iconbox-meta\"><h5 class=\"w-iconbox-title\">Korkealaatuisuus<\/h5><\/div><\/div><\/div><\/div><\/div><div class=\"vc_col-sm-3 wpb_column vc_column_container\"><div class=\"vc_column-inner\"><div class=\"wpb_wrapper\"><div class=\"w-iconbox us_custom_15a2201b us_animate_this iconpos_top style_default color_primary align_center no_text\"><div class=\"w-iconbox-icon\" style=\"font-size:2rem;\"><i class=\"fal fa-check\"><\/i><\/div><div class=\"w-iconbox-meta\"><h5 class=\"w-iconbox-title\">T\u00e4sm\u00e4lliset toimitusajat<\/h5><\/div><\/div><\/div><\/div><\/div><div class=\"vc_col-sm-3 wpb_column vc_column_container\"><div class=\"vc_column-inner\"><div class=\"wpb_wrapper\"><div class=\"w-iconbox us_custom_b379c71b us_animate_this iconpos_top style_default color_primary align_center no_text\"><div class=\"w-iconbox-icon\" style=\"font-size:2rem;\"><i class=\"fal fa-check\"><\/i><\/div><div class=\"w-iconbox-meta\"><h5 class=\"w-iconbox-title\">Nykyaikaiset laitteet ja teknologiat<\/h5><\/div><\/div><\/div><\/div><\/div><\/div><\/div><\/div><\/div><\/div><\/div><\/section>\n","protected":false},"excerpt":{"rendered":"[vc_custom_heading text=\"Meist\u00e4\" font_container=\"tag:h1|text_align:center\" use_theme_fonts=\"yes\"]Millpak O\u00dc on nykyaikainen yhti\u00f6, joka tarjoaa mit\u00e4 korkeimpaa laatutasoa olevaa mekaanista ty\u00f6st\u00f6\u00e4 k\u00e4ytt\u00e4en korkealaatuisia laitteita ja ensiluokkaisia teknologioita. Sijaintimme on Viron p\u00e4\u00e4kaupungissa Tallinnassa. Sellainen sijainti mahdollistaa meid\u00e4n olla tehokkaassa yhteistoiminnassa niin Pohjoismaiden kuin muidenkin Euroopan Unionin maiden kanssa. Tavoitteittemme takaamiseksi k\u00e4yt\u00e4mme mit\u00e4 nykyaikaisinta laitteistoa, CAD- ja CAM-ohjelmistoa sek\u00e4 seuraamme innovaatioita mekaanisen...","protected":false},"author":1,"featured_media":728,"parent":0,"menu_order":0,"comment_status":"closed","ping_status":"closed","template":"","meta":{"footnotes":""},"class_list":["post-815","page","type-page","status-publish","has-post-thumbnail","hentry"],"yoast_head":"<!-- This site is optimized with the Yoast SEO plugin v25.0 - https:\/\/yoast.com\/wordpress\/plugins\/seo\/ -->\n<title>Meist\u00e4 - Millpak<\/title>\n<meta name=\"robots\" content=\"index, follow, max-snippet:-1, max-image-preview:large, max-video-preview:-1\" \/>\n<link rel=\"canonical\" href=\"https:\/\/millpak.ee\/fi\/meista\/\" \/>\n<meta property=\"og:locale\" content=\"fi_FI\" \/>\n<meta property=\"og:type\" content=\"article\" \/>\n<meta property=\"og:title\" content=\"Meist\u00e4 - Millpak\" \/>\n<meta property=\"og:url\" content=\"https:\/\/millpak.ee\/fi\/meista\/\" \/>\n<meta property=\"og:site_name\" content=\"Millpak\" \/>\n<meta property=\"article:modified_time\" content=\"2023-03-04T08:55:55+00:00\" \/>\n<meta property=\"og:image\" content=\"https:\/\/millpak.ee\/wp-content\/uploads\/2023\/02\/millpak-03.jpg\" \/>\n\t<meta property=\"og:image:width\" content=\"2000\" \/>\n\t<meta property=\"og:image:height\" content=\"1333\" \/>\n\t<meta property=\"og:image:type\" content=\"image\/jpeg\" \/>\n<meta name=\"twitter:card\" content=\"summary_large_image\" \/>\n<meta name=\"twitter:label1\" content=\"Arvioitu lukuaika\" \/>\n\t<meta name=\"twitter:data1\" content=\"3 minuuttia\" \/>\n<script type=\"application\/ld+json\" class=\"yoast-schema-graph\">{\"@context\":\"https:\/\/schema.org\",\"@graph\":[{\"@type\":\"WebPage\",\"@id\":\"https:\/\/millpak.ee\/fi\/meista\/\",\"url\":\"https:\/\/millpak.ee\/fi\/meista\/\",\"name\":\"Meist\u00e4 - Millpak\",\"isPartOf\":{\"@id\":\"https:\/\/millpak.ee\/#website\"},\"primaryImageOfPage\":{\"@id\":\"https:\/\/millpak.ee\/fi\/meista\/#primaryimage\"},\"image\":{\"@id\":\"https:\/\/millpak.ee\/fi\/meista\/#primaryimage\"},\"thumbnailUrl\":\"https:\/\/millpak.ee\/wp-content\/uploads\/2023\/02\/millpak-03.jpg\",\"datePublished\":\"2023-02-17T09:10:09+00:00\",\"dateModified\":\"2023-03-04T08:55:55+00:00\",\"breadcrumb\":{\"@id\":\"https:\/\/millpak.ee\/fi\/meista\/#breadcrumb\"},\"inLanguage\":\"fi\",\"potentialAction\":[{\"@type\":\"ReadAction\",\"target\":[\"https:\/\/millpak.ee\/fi\/meista\/\"]}]},{\"@type\":\"ImageObject\",\"inLanguage\":\"fi\",\"@id\":\"https:\/\/millpak.ee\/fi\/meista\/#primaryimage\",\"url\":\"https:\/\/millpak.ee\/wp-content\/uploads\/2023\/02\/millpak-03.jpg\",\"contentUrl\":\"https:\/\/millpak.ee\/wp-content\/uploads\/2023\/02\/millpak-03.jpg\",\"width\":2000,\"height\":1333},{\"@type\":\"BreadcrumbList\",\"@id\":\"https:\/\/millpak.ee\/fi\/meista\/#breadcrumb\",\"itemListElement\":[{\"@type\":\"ListItem\",\"position\":1,\"name\":\"Home\",\"item\":\"https:\/\/millpak.ee\/fi\/\"},{\"@type\":\"ListItem\",\"position\":2,\"name\":\"Meist\u00e4\"}]},{\"@type\":\"WebSite\",\"@id\":\"https:\/\/millpak.ee\/#website\",\"url\":\"https:\/\/millpak.ee\/\",\"name\":\"Millpak\",\"description\":\"\",\"publisher\":{\"@id\":\"https:\/\/millpak.ee\/#organization\"},\"potentialAction\":[{\"@type\":\"SearchAction\",\"target\":{\"@type\":\"EntryPoint\",\"urlTemplate\":\"https:\/\/millpak.ee\/?s={search_term_string}\"},\"query-input\":{\"@type\":\"PropertyValueSpecification\",\"valueRequired\":true,\"valueName\":\"search_term_string\"}}],\"inLanguage\":\"fi\"},{\"@type\":\"Organization\",\"@id\":\"https:\/\/millpak.ee\/#organization\",\"name\":\"Millpak O\u00dc\",\"url\":\"https:\/\/millpak.ee\/\",\"logo\":{\"@type\":\"ImageObject\",\"inLanguage\":\"fi\",\"@id\":\"https:\/\/millpak.ee\/#\/schema\/logo\/image\/\",\"url\":\"https:\/\/millpak.ee\/wp-content\/uploads\/2023\/02\/millpak.svg\",\"contentUrl\":\"https:\/\/millpak.ee\/wp-content\/uploads\/2023\/02\/millpak.svg\",\"width\":\"1024\",\"height\":\"1024\",\"caption\":\"Millpak O\u00dc\"},\"image\":{\"@id\":\"https:\/\/millpak.ee\/#\/schema\/logo\/image\/\"}}]}<\/script>\n<!-- \/ Yoast SEO plugin. -->","yoast_head_json":{"title":"Meist\u00e4 - Millpak","robots":{"index":"index","follow":"follow","max-snippet":"max-snippet:-1","max-image-preview":"max-image-preview:large","max-video-preview":"max-video-preview:-1"},"canonical":"https:\/\/millpak.ee\/fi\/meista\/","og_locale":"fi_FI","og_type":"article","og_title":"Meist\u00e4 - Millpak","og_url":"https:\/\/millpak.ee\/fi\/meista\/","og_site_name":"Millpak","article_modified_time":"2023-03-04T08:55:55+00:00","og_image":[{"width":2000,"height":1333,"url":"https:\/\/millpak.ee\/wp-content\/uploads\/2023\/02\/millpak-03.jpg","type":"image\/jpeg"}],"twitter_card":"summary_large_image","twitter_misc":{"Arvioitu lukuaika":"3 minuuttia"},"schema":{"@context":"https:\/\/schema.org","@graph":[{"@type":"WebPage","@id":"https:\/\/millpak.ee\/fi\/meista\/","url":"https:\/\/millpak.ee\/fi\/meista\/","name":"Meist\u00e4 - Millpak","isPartOf":{"@id":"https:\/\/millpak.ee\/#website"},"primaryImageOfPage":{"@id":"https:\/\/millpak.ee\/fi\/meista\/#primaryimage"},"image":{"@id":"https:\/\/millpak.ee\/fi\/meista\/#primaryimage"},"thumbnailUrl":"https:\/\/millpak.ee\/wp-content\/uploads\/2023\/02\/millpak-03.jpg","datePublished":"2023-02-17T09:10:09+00:00","dateModified":"2023-03-04T08:55:55+00:00","breadcrumb":{"@id":"https:\/\/millpak.ee\/fi\/meista\/#breadcrumb"},"inLanguage":"fi","potentialAction":[{"@type":"ReadAction","target":["https:\/\/millpak.ee\/fi\/meista\/"]}]},{"@type":"ImageObject","inLanguage":"fi","@id":"https:\/\/millpak.ee\/fi\/meista\/#primaryimage","url":"https:\/\/millpak.ee\/wp-content\/uploads\/2023\/02\/millpak-03.jpg","contentUrl":"https:\/\/millpak.ee\/wp-content\/uploads\/2023\/02\/millpak-03.jpg","width":2000,"height":1333},{"@type":"BreadcrumbList","@id":"https:\/\/millpak.ee\/fi\/meista\/#breadcrumb","itemListElement":[{"@type":"ListItem","position":1,"name":"Home","item":"https:\/\/millpak.ee\/fi\/"},{"@type":"ListItem","position":2,"name":"Meist\u00e4"}]},{"@type":"WebSite","@id":"https:\/\/millpak.ee\/#website","url":"https:\/\/millpak.ee\/","name":"Millpak","description":"","publisher":{"@id":"https:\/\/millpak.ee\/#organization"},"potentialAction":[{"@type":"SearchAction","target":{"@type":"EntryPoint","urlTemplate":"https:\/\/millpak.ee\/?s={search_term_string}"},"query-input":{"@type":"PropertyValueSpecification","valueRequired":true,"valueName":"search_term_string"}}],"inLanguage":"fi"},{"@type":"Organization","@id":"https:\/\/millpak.ee\/#organization","name":"Millpak O\u00dc","url":"https:\/\/millpak.ee\/","logo":{"@type":"ImageObject","inLanguage":"fi","@id":"https:\/\/millpak.ee\/#\/schema\/logo\/image\/","url":"https:\/\/millpak.ee\/wp-content\/uploads\/2023\/02\/millpak.svg","contentUrl":"https:\/\/millpak.ee\/wp-content\/uploads\/2023\/02\/millpak.svg","width":"1024","height":"1024","caption":"Millpak O\u00dc"},"image":{"@id":"https:\/\/millpak.ee\/#\/schema\/logo\/image\/"}}]}},"_links":{"self":[{"href":"https:\/\/millpak.ee\/fi\/wp-json\/wp\/v2\/pages\/815","targetHints":{"allow":["GET"]}}],"collection":[{"href":"https:\/\/millpak.ee\/fi\/wp-json\/wp\/v2\/pages"}],"about":[{"href":"https:\/\/millpak.ee\/fi\/wp-json\/wp\/v2\/types\/page"}],"author":[{"embeddable":true,"href":"https:\/\/millpak.ee\/fi\/wp-json\/wp\/v2\/users\/1"}],"replies":[{"embeddable":true,"href":"https:\/\/millpak.ee\/fi\/wp-json\/wp\/v2\/comments?post=815"}],"version-history":[{"count":4,"href":"https:\/\/millpak.ee\/fi\/wp-json\/wp\/v2\/pages\/815\/revisions"}],"predecessor-version":[{"id":835,"href":"https:\/\/millpak.ee\/fi\/wp-json\/wp\/v2\/pages\/815\/revisions\/835"}],"wp:featuredmedia":[{"embeddable":true,"href":"https:\/\/millpak.ee\/fi\/wp-json\/wp\/v2\/media\/728"}],"wp:attachment":[{"href":"https:\/\/millpak.ee\/fi\/wp-json\/wp\/v2\/media?parent=815"}],"curies":[{"name":"wp","href":"https:\/\/api.w.org\/{rel}","templated":true}]}}