{"id":810,"date":"2022-06-01T10:47:15","date_gmt":"2022-06-01T10:47:15","guid":{"rendered":"https:\/\/new.millpak.ee\/home\/"},"modified":"2023-03-04T10:32:22","modified_gmt":"2023-03-04T10:32:22","slug":"home","status":"publish","type":"page","link":"https:\/\/millpak.ee\/fi\/","title":{"rendered":"Etusivu"},"content":{"rendered":"<section class=\"l-section wpb_row us_custom_a518f36e us_animate_this height_auto width_full\"><div class=\"l-section-h i-cf\"><div class=\"g-cols vc_row via_flex valign_top type_default stacking_default\"><div class=\"vc_col-sm-12 wpb_column vc_column_container\"><div class=\"vc_column-inner\"><div class=\"wpb_wrapper\">[vc_raw_html]JTIwJTVCc21hcnRzbGlkZXIzJTIwc2xpZGVyJTNEJTIyMiUyMiU1RCUyMA==[\/vc_raw_html]<div class=\"g-cols wpb_row us_custom_e25f2cba hide_on_tablets hide_on_mobiles via_flex valign_top type_default stacking_default\"><div class=\"vc_col-sm-12 wpb_column vc_column_container\"><div class=\"vc_column-inner\"><div class=\"wpb_wrapper\"><div class=\"wpb_text_column us_custom_9b55d218\"><div class=\"wpb_wrapper\"><p>Millpak O\u00dc &#8211; niminen yhti\u00f6 on erikoistunut korkealaatuisten koneosien valmistukseen erilaisista ter\u00e4styypeist\u00e4, muun muassa ty\u00f6kaluter\u00e4ksist\u00e4 sek\u00e4 v\u00e4rimetalleista ja muoveista.<\/p>\n<\/div><\/div><div class=\"w-separator size_small\"><\/div><div class=\"w-hwrapper valign_top align_none\" style=\"--hwrapper-gap:1.1rem\"><div class=\"w-btn-wrapper align_none\"><a class=\"w-btn us-btn-style_1\" href=\"#palvelut\"><span class=\"w-btn-label\">Palvelut<\/span><\/a><\/div><div class=\"w-btn-wrapper align_none\"><a class=\"w-btn us-btn-style_2\" href=\"\/fi\/meista\/\"><span class=\"w-btn-label\">Meist\u00e4<\/span><\/a><\/div><\/div><\/div><\/div><\/div><\/div><\/div><\/div><\/div><\/div><\/div><\/section><section class=\"l-section wpb_row us_custom_19113836 us_animate_this height_large\" id=\"palvelut\"><div class=\"l-section-h i-cf\"><div class=\"g-cols vc_row via_flex valign_top type_default stacking_default\"><div class=\"vc_col-sm-12 wpb_column vc_column_container\"><div class=\"vc_column-inner\"><div class=\"wpb_wrapper\"><div class=\"wpb_text_column us_custom_0ff33b45 hide_on_default hide_on_laptops\"><div class=\"wpb_wrapper\"><p>Millpak O\u00dc &#8211; niminen yhti\u00f6 on erikoistunut korkealaatuisten koneosien valmistukseen erilaisista ter\u00e4styypeist\u00e4, muun muassa ty\u00f6kaluter\u00e4ksist\u00e4 sek\u00e4 v\u00e4rimetalleista ja muoveista.<\/p>\n<\/div><\/div>[vc_custom_heading text=&#8221;Palvelut&#8221; font_container=&#8221;tag:h2|text_align:center&#8221; use_theme_fonts=&#8221;yes&#8221;]<div class=\"w-separator size_small\"><\/div><div class=\"g-cols wpb_row via_flex valign_top type_default stacking_default\"><div class=\"vc_col-sm-6 wpb_column vc_column_container\"><div class=\"vc_column-inner\"><div class=\"wpb_wrapper\"><div class=\"w-iconbox iconpos_top style_default color_primary align_center no_title icontype_img\"><div class=\"w-iconbox-icon\" style=\"font-size:4rem;\"><img loading=\"lazy\" decoding=\"async\" width=\"512\" height=\"512\" src=\"https:\/\/millpak.ee\/wp-content\/uploads\/2023\/02\/product-development.png\" class=\"attachment-full size-full\" alt=\"Pakume terve kompleksi teenuseid\" srcset=\"https:\/\/millpak.ee\/wp-content\/uploads\/2023\/02\/product-development.png 512w, https:\/\/millpak.ee\/wp-content\/uploads\/2023\/02\/product-development-300x300.png 300w, https:\/\/millpak.ee\/wp-content\/uploads\/2023\/02\/product-development-150x150.png 150w\" sizes=\"auto, (max-width: 512px) 100vw, 512px\" \/><\/div><div class=\"w-iconbox-meta\"><div class=\"w-iconbox-text\"><p style=\"padding-top: 7px;\" align=\"left\">Meill\u00e4 on tarjolla palvelukokonaisuus: prototyypin valmistukseen tarvittavan raaka-aineen etsinn\u00e4st\u00e4 lopputuotteen kokoonpanoon ja pakkaukseen.<\/p>\n<\/div><\/div><\/div><\/div><\/div><\/div><div class=\"vc_col-sm-6 wpb_column vc_column_container\"><div class=\"vc_column-inner\"><div class=\"wpb_wrapper\"><div class=\"w-iconbox iconpos_top style_default color_primary align_center no_title icontype_img\"><div class=\"w-iconbox-icon\" style=\"font-size:4rem;\"><img loading=\"lazy\" decoding=\"async\" width=\"512\" height=\"512\" src=\"https:\/\/millpak.ee\/wp-content\/uploads\/2023\/02\/management.png\" class=\"attachment-full size-full\" alt=\"Peamine\" srcset=\"https:\/\/millpak.ee\/wp-content\/uploads\/2023\/02\/management.png 512w, https:\/\/millpak.ee\/wp-content\/uploads\/2023\/02\/management-300x300.png 300w, https:\/\/millpak.ee\/wp-content\/uploads\/2023\/02\/management-150x150.png 150w\" sizes=\"auto, (max-width: 512px) 100vw, 512px\" \/><\/div><div class=\"w-iconbox-meta\"><div class=\"w-iconbox-text\"><p style=\"padding-top: 7px;\" align=\"left\">Laatuun ja joustavuuteen asennoitumisemme ansiosta me pystymme tyydytt\u00e4m\u00e4\u00e4n mit\u00e4 erilaisimpien asiakkaiden vaatimuksia.<\/p>\n<\/div><\/div><\/div><\/div><\/div><\/div><\/div><div class=\"w-separator size_medium\"><\/div><div class=\"w-grid type_grid layout_807 cols_2 overflow_hidden with_css_animation\" id=\"us_grid_1\" style=\"--columns:2;--gap:1.5vw;\"><style>@media (max-width:1024px){#us_grid_1{--columns:1!important}}@media (max-width:600px){#us_grid_1{--columns:1!important}}.layout_807 .w-grid-item-h{background:var(--color-content-bg-alt)}.layout_807 .usg_post_image_1{}.layout_807 .w-grid-item-h:hover .usg_post_image_1{opacity:0.8}.layout_807 .usg_post_image_1{background:rgba(231,0,27,0.25)!important}.layout_807 .usg_post_title_1{padding-left:20px!important;padding-top:30px!important;padding-bottom:30px!important}.layout_807 .usg_btn_1{font-size:16px!important;min-width:180px!important}<\/style><div class=\"w-grid-list\">\t<article class=\"w-grid-item us_animate_fade size_1x1 post-819 page type-page status-publish has-post-thumbnail hentry\" data-id=\"819\" style=\"animation-delay:0s\">\r\n\t\t<div class=\"w-grid-item-h\">\r\n\t\t\t\t\t\t<div class=\"w-post-elm post_image usg_post_image_1 has_ratio\"><a href=\"https:\/\/millpak.ee\/fi\/cnc-turning-sorvaustyosto\/\" aria-label=\"CNC Turning &#8211; sorvausty\u00f6st\u00f6\"><img loading=\"lazy\" decoding=\"async\" width=\"1024\" height=\"711\" src=\"https:\/\/millpak.ee\/wp-content\/uploads\/2023\/02\/CNC-treimine-1-1024x711.jpg\" class=\"attachment-large size-large wp-post-image\" alt=\"\" \/><\/a><div style=\"padding-bottom:75%\"><\/div><\/div><div class=\"w-hwrapper usg_hwrapper_1 align_justify valign_middle\" style=\"--hwrapper-gap:0.5rem\"><h1 class=\"w-post-elm post_title usg_post_title_1 entry-title color_link_inherit\"><a href=\"https:\/\/millpak.ee\/fi\/cnc-turning-sorvaustyosto\/\">CNC Turning &#8211; sorvausty\u00f6st\u00f6<\/a><\/h1><a class=\"w-btn us-btn-style_1 usg_btn_1 icon_atright\" href=\"https:\/\/millpak.ee\/fi\/cnc-turning-sorvaustyosto\/\"><span class=\"w-btn-label\">Yksityiskohdat<\/span><i class=\"fal fa-arrow-right\"><\/i><\/a><\/div>\t\t<\/div>\r\n\t\t\t<\/article>\r\n\t<article class=\"w-grid-item us_animate_fade size_1x1 post-823 page type-page status-publish has-post-thumbnail hentry\" data-id=\"823\" style=\"animation-delay:0.1s\">\r\n\t\t<div class=\"w-grid-item-h\">\r\n\t\t\t\t\t\t<div class=\"w-post-elm post_image usg_post_image_1 has_ratio\"><a href=\"https:\/\/millpak.ee\/fi\/cnc-milling-jyrsintatyosto\/\" aria-label=\"CNC Milling &#8211; jyrsint\u00e4ty\u00f6st\u00f6\"><img loading=\"lazy\" decoding=\"async\" width=\"1024\" height=\"639\" src=\"https:\/\/millpak.ee\/wp-content\/uploads\/2023\/02\/CNC-freesimine-1-1024x639.jpg\" class=\"attachment-large size-large wp-post-image\" alt=\"\" \/><\/a><div style=\"padding-bottom:75%\"><\/div><\/div><div class=\"w-hwrapper usg_hwrapper_1 align_justify valign_middle\" style=\"--hwrapper-gap:0.5rem\"><h1 class=\"w-post-elm post_title usg_post_title_1 entry-title color_link_inherit\"><a href=\"https:\/\/millpak.ee\/fi\/cnc-milling-jyrsintatyosto\/\">CNC Milling &#8211; jyrsint\u00e4ty\u00f6st\u00f6<\/a><\/h1><a class=\"w-btn us-btn-style_1 usg_btn_1 icon_atright\" href=\"https:\/\/millpak.ee\/fi\/cnc-milling-jyrsintatyosto\/\"><span class=\"w-btn-label\">Yksityiskohdat<\/span><i class=\"fal fa-arrow-right\"><\/i><\/a><\/div>\t\t<\/div>\r\n\t\t\t<\/article>\r\n\t<article class=\"w-grid-item us_animate_fade size_1x1 post-827 page type-page status-publish has-post-thumbnail hentry\" data-id=\"827\" style=\"animation-delay:0.2s\">\r\n\t\t<div class=\"w-grid-item-h\">\r\n\t\t\t\t\t\t<div class=\"w-post-elm post_image usg_post_image_1 has_ratio\"><a href=\"https:\/\/millpak.ee\/fi\/aihioiden-leikkuu\/\" aria-label=\"Aihioiden leikkuu\"><img loading=\"lazy\" decoding=\"async\" width=\"1024\" height=\"683\" src=\"https:\/\/millpak.ee\/wp-content\/uploads\/2023\/02\/Toorikute-loikamine-1024x683.jpg\" class=\"attachment-large size-large wp-post-image\" alt=\"\" \/><\/a><div style=\"padding-bottom:75%\"><\/div><\/div><div class=\"w-hwrapper usg_hwrapper_1 align_justify valign_middle\" style=\"--hwrapper-gap:0.5rem\"><h1 class=\"w-post-elm post_title usg_post_title_1 entry-title color_link_inherit\"><a href=\"https:\/\/millpak.ee\/fi\/aihioiden-leikkuu\/\">Aihioiden leikkuu<\/a><\/h1><a class=\"w-btn us-btn-style_1 usg_btn_1 icon_atright\" href=\"https:\/\/millpak.ee\/fi\/aihioiden-leikkuu\/\"><span class=\"w-btn-label\">Yksityiskohdat<\/span><i class=\"fal fa-arrow-right\"><\/i><\/a><\/div>\t\t<\/div>\r\n\t\t\t<\/article>\r\n\t<article class=\"w-grid-item us_animate_fade size_1x1 post-830 page type-page status-publish has-post-thumbnail hentry\" data-id=\"830\" style=\"animation-delay:0.3s\">\r\n\t\t<div class=\"w-grid-item-h\">\r\n\t\t\t\t\t\t<div class=\"w-post-elm post_image usg_post_image_1 has_ratio\"><a href=\"https:\/\/millpak.ee\/fi\/kokoonpano-pakkaus\/\" aria-label=\"Kokoonpano ja Pakkaus\"><img loading=\"lazy\" decoding=\"async\" width=\"1024\" height=\"702\" src=\"https:\/\/millpak.ee\/wp-content\/uploads\/2023\/02\/Kokkupanek-pakendamine-1024x702.jpg\" class=\"attachment-large size-large wp-post-image\" alt=\"\" \/><\/a><div style=\"padding-bottom:75%\"><\/div><\/div><div class=\"w-hwrapper usg_hwrapper_1 align_justify valign_middle\" style=\"--hwrapper-gap:0.5rem\"><h1 class=\"w-post-elm post_title usg_post_title_1 entry-title color_link_inherit\"><a href=\"https:\/\/millpak.ee\/fi\/kokoonpano-pakkaus\/\">Kokoonpano ja Pakkaus<\/a><\/h1><a class=\"w-btn us-btn-style_1 usg_btn_1 icon_atright\" href=\"https:\/\/millpak.ee\/fi\/kokoonpano-pakkaus\/\"><span class=\"w-btn-label\">Yksityiskohdat<\/span><i class=\"fal fa-arrow-right\"><\/i><\/a><\/div>\t\t<\/div>\r\n\t\t\t<\/article>\r\n<\/div><div class=\"w-grid-preloader\">\t<div class=\"g-preloader type_1\">\r\n\t\t<div><\/div>\r\n\t<\/div>\r\n\t<\/div>\t<div class=\"w-grid-json hidden\" onclick='return {&quot;action&quot;:&quot;us_ajax_grid&quot;,&quot;infinite_scroll&quot;:0,&quot;max_num_pages&quot;:1,&quot;pagination&quot;:&quot;none&quot;,&quot;template_vars&quot;:{&quot;columns&quot;:&quot;2&quot;,&quot;exclude_items&quot;:&quot;none&quot;,&quot;img_size&quot;:&quot;default&quot;,&quot;ignore_items_size&quot;:0,&quot;items_layout&quot;:&quot;807&quot;,&quot;items_offset&quot;:&quot;1&quot;,&quot;load_animation&quot;:&quot;fade&quot;,&quot;overriding_link&quot;:&quot;{\\&quot;url\\&quot;:\\&quot;\\&quot;}&quot;,&quot;post_id&quot;:0,&quot;query_args&quot;:{&quot;ignore_sticky_posts&quot;:1,&quot;post_type&quot;:&quot;any&quot;,&quot;post__in&quot;:[&quot;777&quot;,&quot;773&quot;,&quot;781&quot;,&quot;784&quot;,&quot;819&quot;,&quot;823&quot;,&quot;827&quot;,&quot;830&quot;],&quot;posts_per_page&quot;:&quot;4&quot;},&quot;orderby_query_args&quot;:{&quot;orderby&quot;:{&quot;post__in&quot;:&quot;ASC&quot;},&quot;order&quot;:&quot;ASC&quot;},&quot;type&quot;:&quot;grid&quot;,&quot;us_grid_post_type&quot;:&quot;ids&quot;,&quot;us_grid_ajax_index&quot;:1,&quot;us_grid_filter_query_string&quot;:null,&quot;us_grid_index&quot;:1,&quot;page_args&quot;:[],&quot;lang&quot;:&quot;fi&quot;}}'><\/div>\r\n\t<\/div><\/div><\/div><\/div><\/div><\/div><\/section>\n","protected":false},"excerpt":{"rendered":"[vc_custom_heading text=\"Kokoonpano ja Pakkaus\" font_container=\"tag:h1|text_align:left\" use_theme_fonts=\"yes\" css=\"%7B%22default%22%3A%7B%22color%22%3A%22_content_primary%22%2C%22font-size%22%3A%22calc%2818px%20%2B%201vmax%29%22%2C%22line-height%22%3A%221.1%22%7D%7D\"]Toteutamme valmistamiemme tuotteiden kokoonpanon ja pakkauksen tilaajan vaatimuksia ja standardeja vastaavasti. Kumppaneittemme avulla voimme tarjota my\u00f6s palveluiden kokonaissarjan, nimitt\u00e4in: laserleikkuun, eroosionestok\u00e4sittelyn, hitsauksen, galvaanisen k\u00e4sittelyn, l\u00e4mp\u00f6k\u00e4sittelyn, kuljetuksen ja muuta.","protected":false},"author":1,"featured_media":728,"parent":0,"menu_order":0,"comment_status":"closed","ping_status":"closed","template":"","meta":{"footnotes":""},"class_list":["post-810","page","type-page","status-publish","has-post-thumbnail","hentry"],"yoast_head":"<!-- This site is optimized with the Yoast SEO plugin v25.0 - https:\/\/yoast.com\/wordpress\/plugins\/seo\/ -->\n<title>CNC Turning - sorvausty\u00f6st\u00f6 | CNC Milling - jyrsint\u00e4ty\u00f6st\u00f6 - Millpak<\/title>\n<meta name=\"description\" content=\"Millpak O\u00dc - niminen yhti\u00f6 on erikoistunut korkealaatuisten koneosien valmistukseen erilaisista ter\u00e4styypeist\u00e4, muun muassa ty\u00f6kaluter\u00e4ksist\u00e4 sek\u00e4 v\u00e4rimetalleista ja muoveista.\" \/>\n<meta name=\"robots\" content=\"index, follow, max-snippet:-1, max-image-preview:large, max-video-preview:-1\" \/>\n<link rel=\"canonical\" href=\"https:\/\/millpak.ee\/fi\/\" \/>\n<meta property=\"og:locale\" content=\"fi_FI\" \/>\n<meta property=\"og:type\" content=\"article\" \/>\n<meta property=\"og:title\" content=\"CNC Turning - sorvausty\u00f6st\u00f6 | CNC Milling - jyrsint\u00e4ty\u00f6st\u00f6 - Millpak\" \/>\n<meta property=\"og:description\" content=\"Millpak O\u00dc - niminen yhti\u00f6 on erikoistunut korkealaatuisten koneosien valmistukseen erilaisista ter\u00e4styypeist\u00e4, muun muassa ty\u00f6kaluter\u00e4ksist\u00e4 sek\u00e4 v\u00e4rimetalleista ja muoveista.\" \/>\n<meta property=\"og:url\" content=\"https:\/\/millpak.ee\/fi\/\" \/>\n<meta property=\"og:site_name\" content=\"Millpak\" \/>\n<meta property=\"article:modified_time\" content=\"2023-03-04T10:32:22+00:00\" \/>\n<meta property=\"og:image\" content=\"https:\/\/millpak.ee\/wp-content\/uploads\/2023\/02\/millpak-03.jpg\" \/>\n\t<meta property=\"og:image:width\" content=\"2000\" \/>\n\t<meta property=\"og:image:height\" content=\"1333\" \/>\n\t<meta property=\"og:image:type\" content=\"image\/jpeg\" \/>\n<meta name=\"twitter:card\" content=\"summary_large_image\" \/>\n<meta name=\"twitter:label1\" content=\"Arvioitu lukuaika\" \/>\n\t<meta name=\"twitter:data1\" content=\"2 minuuttia\" \/>\n<script type=\"application\/ld+json\" class=\"yoast-schema-graph\">{\"@context\":\"https:\/\/schema.org\",\"@graph\":[{\"@type\":\"WebPage\",\"@id\":\"https:\/\/millpak.ee\/fi\/\",\"url\":\"https:\/\/millpak.ee\/fi\/\",\"name\":\"CNC Turning - sorvausty\u00f6st\u00f6 | CNC Milling - jyrsint\u00e4ty\u00f6st\u00f6 - Millpak\",\"isPartOf\":{\"@id\":\"https:\/\/millpak.ee\/#website\"},\"primaryImageOfPage\":{\"@id\":\"https:\/\/millpak.ee\/fi\/#primaryimage\"},\"image\":{\"@id\":\"https:\/\/millpak.ee\/fi\/#primaryimage\"},\"thumbnailUrl\":\"https:\/\/millpak.ee\/wp-content\/uploads\/2023\/02\/millpak-03.jpg\",\"datePublished\":\"2022-06-01T10:47:15+00:00\",\"dateModified\":\"2023-03-04T10:32:22+00:00\",\"description\":\"Millpak O\u00dc - niminen yhti\u00f6 on erikoistunut korkealaatuisten koneosien valmistukseen erilaisista ter\u00e4styypeist\u00e4, muun muassa ty\u00f6kaluter\u00e4ksist\u00e4 sek\u00e4 v\u00e4rimetalleista ja muoveista.\",\"breadcrumb\":{\"@id\":\"https:\/\/millpak.ee\/fi\/#breadcrumb\"},\"inLanguage\":\"fi\",\"potentialAction\":[{\"@type\":\"ReadAction\",\"target\":[\"https:\/\/millpak.ee\/fi\/\"]}]},{\"@type\":\"ImageObject\",\"inLanguage\":\"fi\",\"@id\":\"https:\/\/millpak.ee\/fi\/#primaryimage\",\"url\":\"https:\/\/millpak.ee\/wp-content\/uploads\/2023\/02\/millpak-03.jpg\",\"contentUrl\":\"https:\/\/millpak.ee\/wp-content\/uploads\/2023\/02\/millpak-03.jpg\",\"width\":2000,\"height\":1333},{\"@type\":\"BreadcrumbList\",\"@id\":\"https:\/\/millpak.ee\/fi\/#breadcrumb\",\"itemListElement\":[{\"@type\":\"ListItem\",\"position\":1,\"name\":\"Home\",\"item\":\"https:\/\/millpak.ee\/fi\/\"},{\"@type\":\"ListItem\",\"position\":2,\"name\":\"Etusivu\"}]},{\"@type\":\"WebSite\",\"@id\":\"https:\/\/millpak.ee\/#website\",\"url\":\"https:\/\/millpak.ee\/\",\"name\":\"Millpak\",\"description\":\"\",\"publisher\":{\"@id\":\"https:\/\/millpak.ee\/#organization\"},\"potentialAction\":[{\"@type\":\"SearchAction\",\"target\":{\"@type\":\"EntryPoint\",\"urlTemplate\":\"https:\/\/millpak.ee\/?s={search_term_string}\"},\"query-input\":{\"@type\":\"PropertyValueSpecification\",\"valueRequired\":true,\"valueName\":\"search_term_string\"}}],\"inLanguage\":\"fi\"},{\"@type\":\"Organization\",\"@id\":\"https:\/\/millpak.ee\/#organization\",\"name\":\"Millpak O\u00dc\",\"url\":\"https:\/\/millpak.ee\/\",\"logo\":{\"@type\":\"ImageObject\",\"inLanguage\":\"fi\",\"@id\":\"https:\/\/millpak.ee\/#\/schema\/logo\/image\/\",\"url\":\"https:\/\/millpak.ee\/wp-content\/uploads\/2023\/02\/millpak.svg\",\"contentUrl\":\"https:\/\/millpak.ee\/wp-content\/uploads\/2023\/02\/millpak.svg\",\"width\":\"1024\",\"height\":\"1024\",\"caption\":\"Millpak O\u00dc\"},\"image\":{\"@id\":\"https:\/\/millpak.ee\/#\/schema\/logo\/image\/\"}}]}<\/script>\n<!-- \/ Yoast SEO plugin. -->","yoast_head_json":{"title":"CNC Turning - sorvausty\u00f6st\u00f6 | CNC Milling - jyrsint\u00e4ty\u00f6st\u00f6 - Millpak","description":"Millpak O\u00dc - niminen yhti\u00f6 on erikoistunut korkealaatuisten koneosien valmistukseen erilaisista ter\u00e4styypeist\u00e4, muun muassa ty\u00f6kaluter\u00e4ksist\u00e4 sek\u00e4 v\u00e4rimetalleista ja muoveista.","robots":{"index":"index","follow":"follow","max-snippet":"max-snippet:-1","max-image-preview":"max-image-preview:large","max-video-preview":"max-video-preview:-1"},"canonical":"https:\/\/millpak.ee\/fi\/","og_locale":"fi_FI","og_type":"article","og_title":"CNC Turning - sorvausty\u00f6st\u00f6 | CNC Milling - jyrsint\u00e4ty\u00f6st\u00f6 - Millpak","og_description":"Millpak O\u00dc - niminen yhti\u00f6 on erikoistunut korkealaatuisten koneosien valmistukseen erilaisista ter\u00e4styypeist\u00e4, muun muassa ty\u00f6kaluter\u00e4ksist\u00e4 sek\u00e4 v\u00e4rimetalleista ja muoveista.","og_url":"https:\/\/millpak.ee\/fi\/","og_site_name":"Millpak","article_modified_time":"2023-03-04T10:32:22+00:00","og_image":[{"width":2000,"height":1333,"url":"https:\/\/millpak.ee\/wp-content\/uploads\/2023\/02\/millpak-03.jpg","type":"image\/jpeg"}],"twitter_card":"summary_large_image","twitter_misc":{"Arvioitu lukuaika":"2 minuuttia"},"schema":{"@context":"https:\/\/schema.org","@graph":[{"@type":"WebPage","@id":"https:\/\/millpak.ee\/fi\/","url":"https:\/\/millpak.ee\/fi\/","name":"CNC Turning - sorvausty\u00f6st\u00f6 | CNC Milling - jyrsint\u00e4ty\u00f6st\u00f6 - Millpak","isPartOf":{"@id":"https:\/\/millpak.ee\/#website"},"primaryImageOfPage":{"@id":"https:\/\/millpak.ee\/fi\/#primaryimage"},"image":{"@id":"https:\/\/millpak.ee\/fi\/#primaryimage"},"thumbnailUrl":"https:\/\/millpak.ee\/wp-content\/uploads\/2023\/02\/millpak-03.jpg","datePublished":"2022-06-01T10:47:15+00:00","dateModified":"2023-03-04T10:32:22+00:00","description":"Millpak O\u00dc - niminen yhti\u00f6 on erikoistunut korkealaatuisten koneosien valmistukseen erilaisista ter\u00e4styypeist\u00e4, muun muassa ty\u00f6kaluter\u00e4ksist\u00e4 sek\u00e4 v\u00e4rimetalleista ja muoveista.","breadcrumb":{"@id":"https:\/\/millpak.ee\/fi\/#breadcrumb"},"inLanguage":"fi","potentialAction":[{"@type":"ReadAction","target":["https:\/\/millpak.ee\/fi\/"]}]},{"@type":"ImageObject","inLanguage":"fi","@id":"https:\/\/millpak.ee\/fi\/#primaryimage","url":"https:\/\/millpak.ee\/wp-content\/uploads\/2023\/02\/millpak-03.jpg","contentUrl":"https:\/\/millpak.ee\/wp-content\/uploads\/2023\/02\/millpak-03.jpg","width":2000,"height":1333},{"@type":"BreadcrumbList","@id":"https:\/\/millpak.ee\/fi\/#breadcrumb","itemListElement":[{"@type":"ListItem","position":1,"name":"Home","item":"https:\/\/millpak.ee\/fi\/"},{"@type":"ListItem","position":2,"name":"Etusivu"}]},{"@type":"WebSite","@id":"https:\/\/millpak.ee\/#website","url":"https:\/\/millpak.ee\/","name":"Millpak","description":"","publisher":{"@id":"https:\/\/millpak.ee\/#organization"},"potentialAction":[{"@type":"SearchAction","target":{"@type":"EntryPoint","urlTemplate":"https:\/\/millpak.ee\/?s={search_term_string}"},"query-input":{"@type":"PropertyValueSpecification","valueRequired":true,"valueName":"search_term_string"}}],"inLanguage":"fi"},{"@type":"Organization","@id":"https:\/\/millpak.ee\/#organization","name":"Millpak O\u00dc","url":"https:\/\/millpak.ee\/","logo":{"@type":"ImageObject","inLanguage":"fi","@id":"https:\/\/millpak.ee\/#\/schema\/logo\/image\/","url":"https:\/\/millpak.ee\/wp-content\/uploads\/2023\/02\/millpak.svg","contentUrl":"https:\/\/millpak.ee\/wp-content\/uploads\/2023\/02\/millpak.svg","width":"1024","height":"1024","caption":"Millpak O\u00dc"},"image":{"@id":"https:\/\/millpak.ee\/#\/schema\/logo\/image\/"}}]}},"_links":{"self":[{"href":"https:\/\/millpak.ee\/fi\/wp-json\/wp\/v2\/pages\/810","targetHints":{"allow":["GET"]}}],"collection":[{"href":"https:\/\/millpak.ee\/fi\/wp-json\/wp\/v2\/pages"}],"about":[{"href":"https:\/\/millpak.ee\/fi\/wp-json\/wp\/v2\/types\/page"}],"author":[{"embeddable":true,"href":"https:\/\/millpak.ee\/fi\/wp-json\/wp\/v2\/users\/1"}],"replies":[{"embeddable":true,"href":"https:\/\/millpak.ee\/fi\/wp-json\/wp\/v2\/comments?post=810"}],"version-history":[{"count":4,"href":"https:\/\/millpak.ee\/fi\/wp-json\/wp\/v2\/pages\/810\/revisions"}],"predecessor-version":[{"id":833,"href":"https:\/\/millpak.ee\/fi\/wp-json\/wp\/v2\/pages\/810\/revisions\/833"}],"wp:featuredmedia":[{"embeddable":true,"href":"https:\/\/millpak.ee\/fi\/wp-json\/wp\/v2\/media\/728"}],"wp:attachment":[{"href":"https:\/\/millpak.ee\/fi\/wp-json\/wp\/v2\/media?parent=810"}],"curies":[{"name":"wp","href":"https:\/\/api.w.org\/{rel}","templated":true}]}}