{"id":886,"date":"2022-06-01T10:47:15","date_gmt":"2022-06-01T10:47:15","guid":{"rendered":"https:\/\/millpak.ee\/home\/"},"modified":"2023-10-16T07:05:28","modified_gmt":"2023-10-16T07:05:28","slug":"home","status":"publish","type":"page","link":"https:\/\/millpak.ee\/de\/","title":{"rendered":"Das Wichtigste"},"content":{"rendered":"<section class=\"l-section wpb_row us_custom_a518f36e us_animate_this height_auto width_full\"><div class=\"l-section-h i-cf\"><div class=\"g-cols vc_row via_flex valign_top type_default stacking_default\"><div class=\"vc_col-sm-12 wpb_column vc_column_container\"><div class=\"vc_column-inner\"><div class=\"wpb_wrapper\">[vc_raw_html]JTIwJTVCc21hcnRzbGlkZXIzJTIwc2xpZGVyJTNEJTIyMiUyMiU1RCUyMA==[\/vc_raw_html]<div class=\"g-cols wpb_row us_custom_e25f2cba hide_on_tablets hide_on_mobiles via_flex valign_top type_default stacking_default\"><div class=\"vc_col-sm-12 wpb_column vc_column_container\"><div class=\"vc_column-inner\"><div class=\"wpb_wrapper\"><div class=\"wpb_text_column us_custom_9b55d218\"><div class=\"wpb_wrapper\"><p>Das Unternehmen Millpak O\u00dc stellt sich auf die Herstellung von hochwertigen Teilen aus verschiedenen St\u00e4hlen, darunter Werkzeugst\u00e4hlen, sowie Nichteisenmetallen und Kunststoffen ein.<\/p>\n<\/div><\/div><div class=\"w-separator size_small\"><\/div><div class=\"w-hwrapper valign_top align_none\" style=\"--hwrapper-gap:1.1rem\"><div class=\"w-btn-wrapper align_none\"><a class=\"w-btn us-btn-style_1\" href=\"#leistungen\"><span class=\"w-btn-label\">Leistungen<\/span><\/a><\/div><div class=\"w-btn-wrapper align_none\"><a class=\"w-btn us-btn-style_2\" href=\"\/de\/uber-uns\/\"><span class=\"w-btn-label\">\u00dcber uns<\/span><\/a><\/div><\/div><\/div><\/div><\/div><\/div><\/div><\/div><\/div><\/div><\/div><\/section><section class=\"l-section wpb_row us_custom_19113836 us_animate_this height_large\" id=\"leistungen\"><div class=\"l-section-h i-cf\"><div class=\"g-cols vc_row via_flex valign_top type_default stacking_default\"><div class=\"vc_col-sm-12 wpb_column vc_column_container\"><div class=\"vc_column-inner\"><div class=\"wpb_wrapper\"><div class=\"wpb_text_column us_custom_0ff33b45 hide_on_default hide_on_laptops\"><div class=\"wpb_wrapper\"><p>Das Unternehmen Millpak O\u00dc stellt sich auf die Herstellung von hochwertigen Teilen aus verschiedenen St\u00e4hlen, darunter Werkzeugst\u00e4hlen, sowie Nichteisenmetallen und Kunststoffen ein.<\/p>\n<\/div><\/div>[vc_custom_heading text=&#8220;Leistungen&#8220; font_container=&#8220;tag:h2|text_align:center&#8220; use_theme_fonts=&#8220;yes&#8220;]<div class=\"w-separator size_small\"><\/div><div class=\"g-cols wpb_row via_flex valign_top type_default stacking_default\"><div class=\"vc_col-sm-6 wpb_column vc_column_container\"><div class=\"vc_column-inner\"><div class=\"wpb_wrapper\"><div class=\"w-iconbox iconpos_top style_default color_primary align_center no_title icontype_img\"><div class=\"w-iconbox-icon\" style=\"font-size:4rem;\"><img loading=\"lazy\" decoding=\"async\" width=\"512\" height=\"512\" src=\"https:\/\/millpak.ee\/wp-content\/uploads\/2023\/02\/product-development.png\" class=\"attachment-full size-full\" alt=\"Pakume terve kompleksi teenuseid\" srcset=\"https:\/\/millpak.ee\/wp-content\/uploads\/2023\/02\/product-development.png 512w, https:\/\/millpak.ee\/wp-content\/uploads\/2023\/02\/product-development-300x300.png 300w, https:\/\/millpak.ee\/wp-content\/uploads\/2023\/02\/product-development-150x150.png 150w\" sizes=\"auto, (max-width: 512px) 100vw, 512px\" \/><\/div><div class=\"w-iconbox-meta\"><div class=\"w-iconbox-text\"><p style=\"padding-top: 7px;\" align=\"left\">Wir bieten eine ganze Reihe von Dienstleistungen an: von der Suche nach Materialien f\u00fcr die Herstellung eines Prototyps bis hin zum Zusammenbau und zur Verpackung des Endprodukts.<\/p>\n<\/div><\/div><\/div><\/div><\/div><\/div><div class=\"vc_col-sm-6 wpb_column vc_column_container\"><div class=\"vc_column-inner\"><div class=\"wpb_wrapper\"><div class=\"w-iconbox iconpos_top style_default color_primary align_center no_title icontype_img\"><div class=\"w-iconbox-icon\" style=\"font-size:4rem;\"><img loading=\"lazy\" decoding=\"async\" width=\"512\" height=\"512\" src=\"https:\/\/millpak.ee\/wp-content\/uploads\/2023\/02\/management.png\" class=\"attachment-full size-full\" alt=\"Peamine\" srcset=\"https:\/\/millpak.ee\/wp-content\/uploads\/2023\/02\/management.png 512w, https:\/\/millpak.ee\/wp-content\/uploads\/2023\/02\/management-300x300.png 300w, https:\/\/millpak.ee\/wp-content\/uploads\/2023\/02\/management-150x150.png 150w\" sizes=\"auto, (max-width: 512px) 100vw, 512px\" \/><\/div><div class=\"w-iconbox-meta\"><div class=\"w-iconbox-text\"><p style=\"padding-top: 7px;\" align=\"left\">Unser Qualit\u00e4ts- und Flexibilit\u00e4tsansatz erm\u00f6glicht es uns, den Anforderungen von unterschiedlichsten Kunden gerecht zu werden.<\/p>\n<\/div><\/div><\/div><\/div><\/div><\/div><\/div><div class=\"w-separator size_medium\"><\/div><div class=\"w-grid type_grid layout_913 cols_2 overflow_hidden with_css_animation\" id=\"us_grid_1\" style=\"--columns:2;--gap:1.5vw;\"><style>@media (max-width:1024px){#us_grid_1{--columns:1!important}}@media (max-width:600px){#us_grid_1{--columns:1!important}}.layout_913 .w-grid-item-h{background:var(--color-content-bg-alt)}.layout_913 .usg_post_image_1{transition-duration:0.3s;transform-origin:50% 50%;transform:scale(1) translate(0%,0%)}.layout_913 .w-grid-item-h:hover .usg_post_image_1{transform:scale(1.05) translate(0%,0%);opacity:0.8}.layout_913 .usg_post_image_1{background:rgba(231,0,27,0.25)!important}.layout_913 .usg_post_title_1{padding-left:20px!important;padding-top:30px!important;padding-bottom:30px!important}.layout_913 .usg_btn_1{min-width:190px!important}<\/style><div class=\"w-grid-list\">\t<article class=\"w-grid-item us_animate_fade size_1x1 post-866 page type-page status-publish has-post-thumbnail hentry\" data-id=\"866\" style=\"animation-delay:0s\">\r\n\t\t<div class=\"w-grid-item-h\">\r\n\t\t\t\t\t\t<div class=\"w-post-elm post_image usg_post_image_1 has_ratio\"><a href=\"https:\/\/millpak.ee\/de\/drehen-cnc-turning\/\" aria-label=\"Drehen CNC Turning\"><img loading=\"lazy\" decoding=\"async\" width=\"1024\" height=\"711\" src=\"https:\/\/millpak.ee\/wp-content\/uploads\/2023\/02\/CNC-treimine-1-1024x711.jpg\" class=\"attachment-large size-large wp-post-image\" alt=\"\" \/><\/a><div style=\"padding-bottom:75%\"><\/div><\/div><div class=\"w-hwrapper usg_hwrapper_1 align_justify valign_middle\" style=\"--hwrapper-gap:0.5rem\"><h1 class=\"w-post-elm post_title usg_post_title_1 entry-title color_link_inherit\"><a href=\"https:\/\/millpak.ee\/de\/drehen-cnc-turning\/\">Drehen CNC Turning<\/a><\/h1><a class=\"w-btn us-btn-style_1 usg_btn_1 icon_atright\" href=\"https:\/\/millpak.ee\/de\/drehen-cnc-turning\/\"><span class=\"w-btn-label\">Einzelheiten<\/span><i class=\"fal fa-arrow-right\"><\/i><\/a><\/div>\t\t<\/div>\r\n\t\t\t<\/article>\r\n\t<article class=\"w-grid-item us_animate_fade size_1x1 post-861 page type-page status-publish has-post-thumbnail hentry\" data-id=\"861\" style=\"animation-delay:0.1s\">\r\n\t\t<div class=\"w-grid-item-h\">\r\n\t\t\t\t\t\t<div class=\"w-post-elm post_image usg_post_image_1 has_ratio\"><a href=\"https:\/\/millpak.ee\/de\/frasen-cnc-milling\/\" aria-label=\"Fr\u00e4sen CNC Milling\"><img loading=\"lazy\" decoding=\"async\" width=\"1024\" height=\"639\" src=\"https:\/\/millpak.ee\/wp-content\/uploads\/2023\/02\/CNC-freesimine-1-1024x639.jpg\" class=\"attachment-large size-large wp-post-image\" alt=\"\" \/><\/a><div style=\"padding-bottom:75%\"><\/div><\/div><div class=\"w-hwrapper usg_hwrapper_1 align_justify valign_middle\" style=\"--hwrapper-gap:0.5rem\"><h1 class=\"w-post-elm post_title usg_post_title_1 entry-title color_link_inherit\"><a href=\"https:\/\/millpak.ee\/de\/frasen-cnc-milling\/\">Fr\u00e4sen CNC Milling<\/a><\/h1><a class=\"w-btn us-btn-style_1 usg_btn_1 icon_atright\" href=\"https:\/\/millpak.ee\/de\/frasen-cnc-milling\/\"><span class=\"w-btn-label\">Einzelheiten<\/span><i class=\"fal fa-arrow-right\"><\/i><\/a><\/div>\t\t<\/div>\r\n\t\t\t<\/article>\r\n\t<article class=\"w-grid-item us_animate_fade size_1x1 post-871 page type-page status-publish has-post-thumbnail hentry\" data-id=\"871\" style=\"animation-delay:0.2s\">\r\n\t\t<div class=\"w-grid-item-h\">\r\n\t\t\t\t\t\t<div class=\"w-post-elm post_image usg_post_image_1 has_ratio\"><a href=\"https:\/\/millpak.ee\/de\/werkstuckschneiden\/\" aria-label=\"Werkst\u00fcckschneiden\"><img loading=\"lazy\" decoding=\"async\" width=\"1024\" height=\"683\" src=\"https:\/\/millpak.ee\/wp-content\/uploads\/2023\/02\/Toorikute-loikamine-1024x683.jpg\" class=\"attachment-large size-large wp-post-image\" alt=\"\" \/><\/a><div style=\"padding-bottom:75%\"><\/div><\/div><div class=\"w-hwrapper usg_hwrapper_1 align_justify valign_middle\" style=\"--hwrapper-gap:0.5rem\"><h1 class=\"w-post-elm post_title usg_post_title_1 entry-title color_link_inherit\"><a href=\"https:\/\/millpak.ee\/de\/werkstuckschneiden\/\">Werkst\u00fcckschneiden<\/a><\/h1><a class=\"w-btn us-btn-style_1 usg_btn_1 icon_atright\" href=\"https:\/\/millpak.ee\/de\/werkstuckschneiden\/\"><span class=\"w-btn-label\">Einzelheiten<\/span><i class=\"fal fa-arrow-right\"><\/i><\/a><\/div>\t\t<\/div>\r\n\t\t\t<\/article>\r\n\t<article class=\"w-grid-item us_animate_fade size_1x1 post-876 page type-page status-publish has-post-thumbnail hentry\" data-id=\"876\" style=\"animation-delay:0.3s\">\r\n\t\t<div class=\"w-grid-item-h\">\r\n\t\t\t\t\t\t<div class=\"w-post-elm post_image usg_post_image_1 has_ratio\"><a href=\"https:\/\/millpak.ee\/de\/zusammenbau-verpackung\/\" aria-label=\"Zusammenbau und Verpackung\"><img loading=\"lazy\" decoding=\"async\" width=\"1024\" height=\"702\" src=\"https:\/\/millpak.ee\/wp-content\/uploads\/2023\/02\/Kokkupanek-pakendamine-1024x702.jpg\" class=\"attachment-large size-large wp-post-image\" alt=\"\" \/><\/a><div style=\"padding-bottom:75%\"><\/div><\/div><div class=\"w-hwrapper usg_hwrapper_1 align_justify valign_middle\" style=\"--hwrapper-gap:0.5rem\"><h1 class=\"w-post-elm post_title usg_post_title_1 entry-title color_link_inherit\"><a href=\"https:\/\/millpak.ee\/de\/zusammenbau-verpackung\/\">Zusammenbau und Verpackung<\/a><\/h1><a class=\"w-btn us-btn-style_1 usg_btn_1 icon_atright\" href=\"https:\/\/millpak.ee\/de\/zusammenbau-verpackung\/\"><span class=\"w-btn-label\">Einzelheiten<\/span><i class=\"fal fa-arrow-right\"><\/i><\/a><\/div>\t\t<\/div>\r\n\t\t\t<\/article>\r\n<\/div><div class=\"w-grid-preloader\">\t<div class=\"g-preloader type_1\">\r\n\t\t<div><\/div>\r\n\t<\/div>\r\n\t<\/div>\t<div class=\"w-grid-json hidden\" onclick='return {&quot;action&quot;:&quot;us_ajax_grid&quot;,&quot;infinite_scroll&quot;:0,&quot;max_num_pages&quot;:1,&quot;pagination&quot;:&quot;none&quot;,&quot;template_vars&quot;:{&quot;columns&quot;:&quot;2&quot;,&quot;exclude_items&quot;:&quot;none&quot;,&quot;img_size&quot;:&quot;default&quot;,&quot;ignore_items_size&quot;:0,&quot;items_layout&quot;:&quot;913&quot;,&quot;items_offset&quot;:&quot;1&quot;,&quot;load_animation&quot;:&quot;fade&quot;,&quot;overriding_link&quot;:&quot;%7B%22url%22%3A%22%22%7D&quot;,&quot;post_id&quot;:0,&quot;query_args&quot;:{&quot;ignore_sticky_posts&quot;:1,&quot;post_type&quot;:&quot;any&quot;,&quot;post__in&quot;:[&quot;509&quot;,&quot;513&quot;,&quot;516&quot;,&quot;519&quot;],&quot;posts_per_page&quot;:&quot;4&quot;},&quot;orderby_query_args&quot;:{&quot;orderby&quot;:{&quot;post__in&quot;:&quot;ASC&quot;},&quot;order&quot;:&quot;ASC&quot;},&quot;type&quot;:&quot;grid&quot;,&quot;us_grid_post_type&quot;:&quot;ids&quot;,&quot;us_grid_ajax_index&quot;:1,&quot;us_grid_filter_query_string&quot;:null,&quot;us_grid_index&quot;:1,&quot;page_args&quot;:[],&quot;lang&quot;:&quot;de&quot;}}'><\/div>\r\n\t<\/div><\/div><\/div><\/div><\/div><\/div><\/section>\n","protected":false},"excerpt":{"rendered":"[vc_custom_heading text=\"Zusammenbau und Verpackung\" font_container=\"tag:h1|text_align:left\" use_theme_fonts=\"yes\" css=\"%7B%22default%22%3A%7B%22color%22%3A%22_content_primary%22%2C%22font-size%22%3A%22calc%2818px%20%2B%201vmax%29%22%2C%22line-height%22%3A%221.1%22%7D%7D\"]Wir bauen zusammen und verpacken die von uns hergestellten Produkte gem\u00e4\u00df den Kundenanforderungen und -standards. Mit unseren Partnern k\u00f6nnen wir auch ein umfassendes Leistungsspektrum anbieten, n\u00e4mlich: Laserschneiden, Erosionsbearbeitung, Schwei\u00dfen, Galvanisieren, W\u00e4rmebehandlung, Transport usw.","protected":false},"author":1,"featured_media":882,"parent":0,"menu_order":0,"comment_status":"closed","ping_status":"closed","template":"","meta":{"footnotes":""},"class_list":["post-886","page","type-page","status-publish","has-post-thumbnail","hentry"],"yoast_head":"<!-- This site is optimized with the Yoast SEO plugin v25.0 - https:\/\/yoast.com\/wordpress\/plugins\/seo\/ -->\n<title>CNC treimine | CNC freesimine - Millpak O\u00dc<\/title>\n<meta name=\"description\" content=\"Millpak O\u00dc on spetsialiseerunud kvaliteetsete detailide valmistamisele erinevatest terastest, aga ka v\u00e4rvilistest metallidest ja plastidest.\" \/>\n<meta name=\"robots\" content=\"index, follow, max-snippet:-1, max-image-preview:large, max-video-preview:-1\" \/>\n<link rel=\"canonical\" href=\"https:\/\/millpak.ee\/de\/\" \/>\n<meta property=\"og:locale\" content=\"de_DE\" \/>\n<meta property=\"og:type\" content=\"article\" \/>\n<meta property=\"og:title\" content=\"CNC treimine | CNC freesimine - Millpak O\u00dc\" \/>\n<meta property=\"og:description\" content=\"Millpak O\u00dc on spetsialiseerunud kvaliteetsete detailide valmistamisele erinevatest terastest, aga ka v\u00e4rvilistest metallidest ja plastidest.\" \/>\n<meta property=\"og:url\" content=\"https:\/\/millpak.ee\/de\/\" \/>\n<meta property=\"og:site_name\" content=\"Millpak\" \/>\n<meta property=\"article:modified_time\" content=\"2023-10-16T07:05:28+00:00\" \/>\n<meta property=\"og:image\" content=\"https:\/\/millpak.ee\/wp-content\/uploads\/2023\/02\/millpak-03.jpg\" \/>\n\t<meta property=\"og:image:width\" content=\"2000\" \/>\n\t<meta property=\"og:image:height\" content=\"1333\" \/>\n\t<meta property=\"og:image:type\" content=\"image\/jpeg\" \/>\n<meta name=\"twitter:card\" content=\"summary_large_image\" \/>\n<meta name=\"twitter:label1\" content=\"Gesch\u00e4tzte Lesezeit\" \/>\n\t<meta name=\"twitter:data1\" content=\"2\u00a0Minuten\" \/>\n<script type=\"application\/ld+json\" class=\"yoast-schema-graph\">{\"@context\":\"https:\/\/schema.org\",\"@graph\":[{\"@type\":\"WebPage\",\"@id\":\"https:\/\/millpak.ee\/de\/\",\"url\":\"https:\/\/millpak.ee\/de\/\",\"name\":\"CNC treimine | CNC freesimine - Millpak O\u00dc\",\"isPartOf\":{\"@id\":\"https:\/\/millpak.ee\/#website\"},\"primaryImageOfPage\":{\"@id\":\"https:\/\/millpak.ee\/de\/#primaryimage\"},\"image\":{\"@id\":\"https:\/\/millpak.ee\/de\/#primaryimage\"},\"thumbnailUrl\":\"https:\/\/millpak.ee\/wp-content\/uploads\/2023\/02\/millpak-03.jpg\",\"datePublished\":\"2022-06-01T10:47:15+00:00\",\"dateModified\":\"2023-10-16T07:05:28+00:00\",\"description\":\"Millpak O\u00dc on spetsialiseerunud kvaliteetsete detailide valmistamisele erinevatest terastest, aga ka v\u00e4rvilistest metallidest ja plastidest.\",\"breadcrumb\":{\"@id\":\"https:\/\/millpak.ee\/de\/#breadcrumb\"},\"inLanguage\":\"de\",\"potentialAction\":[{\"@type\":\"ReadAction\",\"target\":[\"https:\/\/millpak.ee\/de\/\"]}]},{\"@type\":\"ImageObject\",\"inLanguage\":\"de\",\"@id\":\"https:\/\/millpak.ee\/de\/#primaryimage\",\"url\":\"https:\/\/millpak.ee\/wp-content\/uploads\/2023\/02\/millpak-03.jpg\",\"contentUrl\":\"https:\/\/millpak.ee\/wp-content\/uploads\/2023\/02\/millpak-03.jpg\",\"width\":2000,\"height\":1333},{\"@type\":\"BreadcrumbList\",\"@id\":\"https:\/\/millpak.ee\/de\/#breadcrumb\",\"itemListElement\":[{\"@type\":\"ListItem\",\"position\":1,\"name\":\"Home\",\"item\":\"https:\/\/millpak.ee\/de\/\"},{\"@type\":\"ListItem\",\"position\":2,\"name\":\"Das Wichtigste\"}]},{\"@type\":\"WebSite\",\"@id\":\"https:\/\/millpak.ee\/#website\",\"url\":\"https:\/\/millpak.ee\/\",\"name\":\"Millpak\",\"description\":\"\",\"publisher\":{\"@id\":\"https:\/\/millpak.ee\/#organization\"},\"potentialAction\":[{\"@type\":\"SearchAction\",\"target\":{\"@type\":\"EntryPoint\",\"urlTemplate\":\"https:\/\/millpak.ee\/?s={search_term_string}\"},\"query-input\":{\"@type\":\"PropertyValueSpecification\",\"valueRequired\":true,\"valueName\":\"search_term_string\"}}],\"inLanguage\":\"de\"},{\"@type\":\"Organization\",\"@id\":\"https:\/\/millpak.ee\/#organization\",\"name\":\"Millpak O\u00dc\",\"url\":\"https:\/\/millpak.ee\/\",\"logo\":{\"@type\":\"ImageObject\",\"inLanguage\":\"de\",\"@id\":\"https:\/\/millpak.ee\/#\/schema\/logo\/image\/\",\"url\":\"https:\/\/millpak.ee\/wp-content\/uploads\/2023\/02\/millpak.svg\",\"contentUrl\":\"https:\/\/millpak.ee\/wp-content\/uploads\/2023\/02\/millpak.svg\",\"width\":\"1024\",\"height\":\"1024\",\"caption\":\"Millpak O\u00dc\"},\"image\":{\"@id\":\"https:\/\/millpak.ee\/#\/schema\/logo\/image\/\"}}]}<\/script>\n<!-- \/ Yoast SEO plugin. -->","yoast_head_json":{"title":"CNC treimine | CNC freesimine - Millpak O\u00dc","description":"Millpak O\u00dc on spetsialiseerunud kvaliteetsete detailide valmistamisele erinevatest terastest, aga ka v\u00e4rvilistest metallidest ja plastidest.","robots":{"index":"index","follow":"follow","max-snippet":"max-snippet:-1","max-image-preview":"max-image-preview:large","max-video-preview":"max-video-preview:-1"},"canonical":"https:\/\/millpak.ee\/de\/","og_locale":"de_DE","og_type":"article","og_title":"CNC treimine | CNC freesimine - Millpak O\u00dc","og_description":"Millpak O\u00dc on spetsialiseerunud kvaliteetsete detailide valmistamisele erinevatest terastest, aga ka v\u00e4rvilistest metallidest ja plastidest.","og_url":"https:\/\/millpak.ee\/de\/","og_site_name":"Millpak","article_modified_time":"2023-10-16T07:05:28+00:00","og_image":[{"width":2000,"height":1333,"url":"https:\/\/millpak.ee\/wp-content\/uploads\/2023\/02\/millpak-03.jpg","type":"image\/jpeg"}],"twitter_card":"summary_large_image","twitter_misc":{"Gesch\u00e4tzte Lesezeit":"2\u00a0Minuten"},"schema":{"@context":"https:\/\/schema.org","@graph":[{"@type":"WebPage","@id":"https:\/\/millpak.ee\/de\/","url":"https:\/\/millpak.ee\/de\/","name":"CNC treimine | CNC freesimine - Millpak O\u00dc","isPartOf":{"@id":"https:\/\/millpak.ee\/#website"},"primaryImageOfPage":{"@id":"https:\/\/millpak.ee\/de\/#primaryimage"},"image":{"@id":"https:\/\/millpak.ee\/de\/#primaryimage"},"thumbnailUrl":"https:\/\/millpak.ee\/wp-content\/uploads\/2023\/02\/millpak-03.jpg","datePublished":"2022-06-01T10:47:15+00:00","dateModified":"2023-10-16T07:05:28+00:00","description":"Millpak O\u00dc on spetsialiseerunud kvaliteetsete detailide valmistamisele erinevatest terastest, aga ka v\u00e4rvilistest metallidest ja plastidest.","breadcrumb":{"@id":"https:\/\/millpak.ee\/de\/#breadcrumb"},"inLanguage":"de","potentialAction":[{"@type":"ReadAction","target":["https:\/\/millpak.ee\/de\/"]}]},{"@type":"ImageObject","inLanguage":"de","@id":"https:\/\/millpak.ee\/de\/#primaryimage","url":"https:\/\/millpak.ee\/wp-content\/uploads\/2023\/02\/millpak-03.jpg","contentUrl":"https:\/\/millpak.ee\/wp-content\/uploads\/2023\/02\/millpak-03.jpg","width":2000,"height":1333},{"@type":"BreadcrumbList","@id":"https:\/\/millpak.ee\/de\/#breadcrumb","itemListElement":[{"@type":"ListItem","position":1,"name":"Home","item":"https:\/\/millpak.ee\/de\/"},{"@type":"ListItem","position":2,"name":"Das Wichtigste"}]},{"@type":"WebSite","@id":"https:\/\/millpak.ee\/#website","url":"https:\/\/millpak.ee\/","name":"Millpak","description":"","publisher":{"@id":"https:\/\/millpak.ee\/#organization"},"potentialAction":[{"@type":"SearchAction","target":{"@type":"EntryPoint","urlTemplate":"https:\/\/millpak.ee\/?s={search_term_string}"},"query-input":{"@type":"PropertyValueSpecification","valueRequired":true,"valueName":"search_term_string"}}],"inLanguage":"de"},{"@type":"Organization","@id":"https:\/\/millpak.ee\/#organization","name":"Millpak O\u00dc","url":"https:\/\/millpak.ee\/","logo":{"@type":"ImageObject","inLanguage":"de","@id":"https:\/\/millpak.ee\/#\/schema\/logo\/image\/","url":"https:\/\/millpak.ee\/wp-content\/uploads\/2023\/02\/millpak.svg","contentUrl":"https:\/\/millpak.ee\/wp-content\/uploads\/2023\/02\/millpak.svg","width":"1024","height":"1024","caption":"Millpak O\u00dc"},"image":{"@id":"https:\/\/millpak.ee\/#\/schema\/logo\/image\/"}}]}},"_links":{"self":[{"href":"https:\/\/millpak.ee\/de\/wp-json\/wp\/v2\/pages\/886","targetHints":{"allow":["GET"]}}],"collection":[{"href":"https:\/\/millpak.ee\/de\/wp-json\/wp\/v2\/pages"}],"about":[{"href":"https:\/\/millpak.ee\/de\/wp-json\/wp\/v2\/types\/page"}],"author":[{"embeddable":true,"href":"https:\/\/millpak.ee\/de\/wp-json\/wp\/v2\/users\/1"}],"replies":[{"embeddable":true,"href":"https:\/\/millpak.ee\/de\/wp-json\/wp\/v2\/comments?post=886"}],"version-history":[{"count":5,"href":"https:\/\/millpak.ee\/de\/wp-json\/wp\/v2\/pages\/886\/revisions"}],"predecessor-version":[{"id":917,"href":"https:\/\/millpak.ee\/de\/wp-json\/wp\/v2\/pages\/886\/revisions\/917"}],"wp:featuredmedia":[{"embeddable":true,"href":"https:\/\/millpak.ee\/de\/wp-json\/wp\/v2\/media\/882"}],"wp:attachment":[{"href":"https:\/\/millpak.ee\/de\/wp-json\/wp\/v2\/media?parent=886"}],"curies":[{"name":"wp","href":"https:\/\/api.w.org\/{rel}","templated":true}]}}