{"id":880,"date":"2023-02-17T09:10:09","date_gmt":"2023-02-17T09:10:09","guid":{"rendered":"https:\/\/millpak.ee\/meist\/"},"modified":"2023-10-16T07:04:55","modified_gmt":"2023-10-16T07:04:55","slug":"uber-uns","status":"publish","type":"page","link":"https:\/\/millpak.ee\/de\/uber-uns\/","title":{"rendered":"\u00dcber uns"},"content":{"rendered":"<section class=\"l-section wpb_row us_custom_a518f36e us_animate_this height_huge with_slider with_shape\"><div class=\"l-section-slider\"><div class=\"w-slider style_none fit_cover nav_none count_7\"><div class=\"w-slider-h\"><div class=\"royalSlider\"><div class=\"rsContent\"><a class=\"rsImg\" data-rsw=\"2000\" data-rsh=\"1333\" href=\"https:\/\/millpak.ee\/wp-content\/uploads\/2023\/02\/millpak-02.jpg\"><span data-alt=\"\"><\/span><\/a><\/div><div class=\"rsContent\"><a class=\"rsImg\" data-rsw=\"2000\" data-rsh=\"1333\" href=\"https:\/\/millpak.ee\/wp-content\/uploads\/2023\/02\/millpak-03.jpg\"><span data-alt=\"\"><\/span><\/a><\/div><div class=\"rsContent\"><a class=\"rsImg\" data-rsw=\"2000\" data-rsh=\"1333\" href=\"https:\/\/millpak.ee\/wp-content\/uploads\/2023\/02\/millpak-04.jpg\"><span data-alt=\"\"><\/span><\/a><\/div><div class=\"rsContent\"><a class=\"rsImg\" data-rsw=\"2000\" data-rsh=\"1333\" href=\"https:\/\/millpak.ee\/wp-content\/uploads\/2023\/02\/millpak-05.jpg\"><span data-alt=\"\"><\/span><\/a><\/div><div class=\"rsContent\"><a class=\"rsImg\" data-rsw=\"2000\" data-rsh=\"1333\" href=\"https:\/\/millpak.ee\/wp-content\/uploads\/2023\/02\/millpak-06.jpg\"><span data-alt=\"\"><\/span><\/a><\/div><div class=\"rsContent\"><a class=\"rsImg\" data-rsw=\"2000\" data-rsh=\"1333\" href=\"https:\/\/millpak.ee\/wp-content\/uploads\/2023\/03\/IMG_3715-scaled.jpg\"><span data-alt=\"\"><\/span><\/a><\/div><div class=\"rsContent\"><a class=\"rsImg\" data-rsw=\"2000\" data-rsh=\"1333\" href=\"https:\/\/millpak.ee\/wp-content\/uploads\/2023\/03\/IMG_3734-scaled.jpg\"><span data-alt=\"\"><\/span><\/a><\/div><\/div><img decoding=\"async\" src=\"https:\/\/millpak.ee\/wp-content\/uploads\/2023\/02\/millpak-02.jpg\" width=\"2000\" height=\"1333\" alt loading=\"lazy\"><\/div><div class=\"w-slider-json\" onclick='return {&quot;autoScaleSlider&quot;:true,&quot;addActiveClass&quot;:true,&quot;loop&quot;:true,&quot;fadeInLoadedSlide&quot;:false,&quot;slidesSpacing&quot;:0,&quot;imageScalePadding&quot;:0,&quot;numImagesToPreload&quot;:2,&quot;arrowsNav&quot;:false,&quot;arrowsNavAutoHide&quot;:false,&quot;transitionType&quot;:&quot;fade&quot;,&quot;transitionSpeed&quot;:1500,&quot;block&quot;:{&quot;moveEffect&quot;:&quot;none&quot;,&quot;speed&quot;:300},&quot;thumbs&quot;:{&quot;fitInViewport&quot;:false,&quot;firstMargin&quot;:false,&quot;spacing&quot;:4},&quot;controlNavigation&quot;:&quot;none&quot;,&quot;autoplay&quot;:{&quot;enabled&quot;:true,&quot;pauseOnHover&quot;:false,&quot;delay&quot;:3000},&quot;autoScaleSliderWidth&quot;:2000,&quot;autoScaleSliderHeight&quot;:1333}'><\/div><\/div><\/div><div class=\"l-section-overlay\" style=\"background:rgba(255,255,255,0.10)\"><\/div><div class=\"l-section-shape type_triangle pos_bottom\" style=\"height:17vmin;\"><svg xmlns=\"http:\/\/www.w3.org\/2000\/svg\" viewBox=\"0 0 64 8\" preserveAspectRatio=\"none\" width=\"100%\" height=\"100%\">\r\n\t<path fill=\"currentColor\" d=\"M64 8 L0 8 L0 0 L32 7.9 L64 0 Z\"\/>\r\n<\/svg><\/div><div class=\"l-section-h i-cf\"><div class=\"g-cols vc_row via_flex valign_middle type_default stacking_default\"><div class=\"vc_col-sm-12 wpb_column vc_column_container\"><div class=\"vc_column-inner us_custom_cb400be3\"><div class=\"wpb_wrapper\">[vc_custom_heading text=&#8220;\u00dcber uns&#8220; font_container=&#8220;tag:h1|text_align:center&#8220; use_theme_fonts=&#8220;yes&#8220;]<\/div><\/div><\/div><\/div><\/div><\/section><section class=\"l-section wpb_row us_custom_19113836 us_animate_this height_large\"><div class=\"l-section-h i-cf\"><div class=\"g-cols vc_row via_flex valign_top type_default stacking_default\"><div class=\"vc_col-sm-12 wpb_column vc_column_container\"><div class=\"vc_column-inner\"><div class=\"wpb_wrapper\"><div class=\"g-cols wpb_row via_flex valign_top type_default stacking_default\" style=\"--additional-gap:1.5rem;\"><div class=\"vc_col-sm-6 wpb_column vc_column_container\"><div class=\"vc_column-inner\"><div class=\"wpb_wrapper\"><div class=\"w-iconbox iconpos_left style_default color_primary align_none no_title\"><div class=\"w-iconbox-icon\" style=\"font-size:2rem;\"><i class=\"fal fa-shield-check\"><\/i><\/div><div class=\"w-iconbox-meta\"><div class=\"w-iconbox-text\"><p><strong>Millpak O\u00dc<\/strong> ist ein modernes Unternehmen, das die Bearbeitung auf h\u00f6chstem Niveau mit hochwertiger Ausr\u00fcstung und fortschrittlichen Technologien anbietet. Wir befinden uns in der Hauptstadt Estlands \u2013 Tallinn. Dieser Standort erm\u00f6glicht uns eine effektive Zusammenarbeit sowohl mit den Nordl\u00e4ndern als auch restlichen L\u00e4ndern der Europ\u00e4ischen Union.<\/p>\n<\/div><\/div><\/div><div class=\"w-separator hide_on_tablets hide_on_mobiles size_small\"><\/div><\/div><\/div><\/div><div class=\"vc_col-sm-6 wpb_column vc_column_container\"><div class=\"vc_column-inner\"><div class=\"wpb_wrapper\"><div class=\"w-iconbox iconpos_left style_default color_primary align_none no_title\"><div class=\"w-iconbox-icon\" style=\"font-size:2rem;\"><i class=\"fal fa-shield-check\"><\/i><\/div><div class=\"w-iconbox-meta\"><div class=\"w-iconbox-text\"><p><strong>Um unsere Ziele<\/strong> zu erreichen, verwenden wir modernste Ausr\u00fcstung, CAD- und CAM-Software sowie verfolgen alle Innovationen im Bereich der mechanischen Bearbeitung.<\/p>\n<\/div><\/div><\/div><div class=\"w-separator hide_on_tablets hide_on_mobiles size_small\"><\/div><\/div><\/div><\/div><div class=\"vc_col-sm-6 wpb_column vc_column_container\"><div class=\"vc_column-inner\"><div class=\"wpb_wrapper\"><div class=\"w-iconbox iconpos_left style_default color_primary align_none no_title\"><div class=\"w-iconbox-icon\" style=\"font-size:2rem;\"><i class=\"fal fa-shield-check\"><\/i><\/div><div class=\"w-iconbox-meta\"><div class=\"w-iconbox-text\"><p><strong>Die Hauptrichtung<\/strong> unserer T\u00e4tigkeit ist eine Herstellung durch Schneiden von Teilen aus allen Arten von Metallen und Kunststoffen f\u00fcr solche Bereiche wie Maschinenbau, Energiewirtschaft, Elektronik, Lebensmittelindustrie. Wir sind bestrebt, unseren Kunden h\u00f6chste Qualit\u00e4t, Genauigkeit und beste Lieferzeiten zu bieten. Unser Ziel ist eine langfristige und beidseitig vorteilhafte Zusammenarbeit mit unseren Kunden.<\/p>\n<\/div><\/div><\/div><\/div><\/div><\/div><div class=\"vc_col-sm-6 wpb_column vc_column_container\"><div class=\"vc_column-inner\"><div class=\"wpb_wrapper\"><div class=\"w-iconbox iconpos_left style_default color_primary align_none no_title\"><div class=\"w-iconbox-icon\" style=\"font-size:2rem;\"><i class=\"fal fa-shield-check\"><\/i><\/div><div class=\"w-iconbox-meta\"><div class=\"w-iconbox-text\"><p><strong>Wir k\u00f6nnen sowohl<\/strong> Einzel- als auch Serienproduktion anbieten, die optimale Anzahl von Teilen liegt jedoch von 25 bis 5000 St\u00fcck pro Charge. Ganz gleich, ob es sich um den ersten oder letzten Teil einer Charge handelt &#8211; durch unsere Aufmerksamkeit zu den Einzelheiten und dreistufige Qualit\u00e4tskontrolle k\u00f6nnen wir sicherstellen, dass unser Kunde nur Qualit\u00e4tsprodukte erh\u00e4lt.<\/p>\n<\/div><\/div><\/div><\/div><\/div><\/div><\/div><\/div><\/div><\/div><\/div><\/div><\/section><section class=\"l-section wpb_row height_large with_img parallax_ver\"><div class=\"l-section-img\" role=\"img\" data-img-width=\"2521\" data-img-height=\"1939\" style=\"background-image: url(https:\/\/millpak.ee\/wp-content\/uploads\/2023\/02\/bg.png);background-repeat: no-repeat;\"><\/div><div class=\"l-section-overlay\" style=\"background:rgba(51,51,51,0.05)\"><\/div><div class=\"l-section-h i-cf\"><div class=\"g-cols vc_row via_flex valign_top type_default stacking_default\"><div class=\"vc_col-sm-12 wpb_column vc_column_container\"><div class=\"vc_column-inner\"><div class=\"wpb_wrapper\">[vc_custom_heading text=&#8220;Vorteile einer Zusammenarbeit mit uns&#8220; font_container=&#8220;tag:h2|text_align:center&#8220; use_theme_fonts=&#8220;yes&#8220;]<div class=\"w-separator hide_on_tablets hide_on_mobiles size_medium\"><\/div><div class=\"g-cols wpb_row via_flex valign_top type_default stacking_default\"><div class=\"vc_col-sm-3 wpb_column vc_column_container\"><div class=\"vc_column-inner\"><div class=\"wpb_wrapper\"><div class=\"w-iconbox us_custom_f70d789f us_animate_this iconpos_top style_default color_primary align_center no_text\"><div class=\"w-iconbox-icon\" style=\"font-size:2rem;\"><i class=\"fal fa-check\"><\/i><\/div><div class=\"w-iconbox-meta\"><h5 class=\"w-iconbox-title\">Individuelle Herangehensweise an den Kunden<\/h5><\/div><\/div><\/div><\/div><\/div><div class=\"vc_col-sm-3 wpb_column vc_column_container\"><div class=\"vc_column-inner\"><div class=\"wpb_wrapper\"><div class=\"w-iconbox us_custom_de366d1c us_animate_this iconpos_top style_default color_primary align_center no_text\"><div class=\"w-iconbox-icon\" style=\"font-size:2rem;\"><i class=\"fal fa-check\"><\/i><\/div><div class=\"w-iconbox-meta\"><h5 class=\"w-iconbox-title\">Hohe Qualit\u00e4t<\/h5><\/div><\/div><\/div><\/div><\/div><div class=\"vc_col-sm-3 wpb_column vc_column_container\"><div class=\"vc_column-inner\"><div class=\"wpb_wrapper\"><div class=\"w-iconbox us_custom_15a2201b us_animate_this iconpos_top style_default color_primary align_center no_text\"><div class=\"w-iconbox-icon\" style=\"font-size:2rem;\"><i class=\"fal fa-check\"><\/i><\/div><div class=\"w-iconbox-meta\"><h5 class=\"w-iconbox-title\">Genaue Lieferzeiten<\/h5><\/div><\/div><\/div><\/div><\/div><div class=\"vc_col-sm-3 wpb_column vc_column_container\"><div class=\"vc_column-inner\"><div class=\"wpb_wrapper\"><div class=\"w-iconbox us_custom_b379c71b us_animate_this iconpos_top style_default color_primary align_center no_text\"><div class=\"w-iconbox-icon\" style=\"font-size:2rem;\"><i class=\"fal fa-check\"><\/i><\/div><div class=\"w-iconbox-meta\"><h5 class=\"w-iconbox-title\">Moderne Ausr\u00fcstung und Technologien<\/h5><\/div><\/div><\/div><\/div><\/div><\/div><\/div><\/div><\/div><\/div><\/div><\/section>\n","protected":false},"excerpt":{"rendered":"[vc_custom_heading text=\"\u00dcber uns\" font_container=\"tag:h1|text_align:center\" use_theme_fonts=\"yes\"]Millpak O\u00dc ist ein modernes Unternehmen, das die Bearbeitung auf h\u00f6chstem Niveau mit hochwertiger Ausr\u00fcstung und fortschrittlichen Technologien anbietet. Wir befinden uns in der Hauptstadt Estlands \u2013 Tallinn. Dieser Standort erm\u00f6glicht uns eine effektive Zusammenarbeit sowohl mit den Nordl\u00e4ndern als auch restlichen L\u00e4ndern der Europ\u00e4ischen Union. Um unsere Ziele zu erreichen,...","protected":false},"author":1,"featured_media":882,"parent":0,"menu_order":0,"comment_status":"closed","ping_status":"closed","template":"","meta":{"footnotes":""},"class_list":["post-880","page","type-page","status-publish","has-post-thumbnail","hentry"],"yoast_head":"<!-- This site is optimized with the Yoast SEO plugin v25.0 - https:\/\/yoast.com\/wordpress\/plugins\/seo\/ -->\n<title>\u00dcber uns - Millpak<\/title>\n<meta name=\"robots\" content=\"index, follow, max-snippet:-1, max-image-preview:large, max-video-preview:-1\" \/>\n<link rel=\"canonical\" href=\"https:\/\/millpak.ee\/de\/uber-uns\/\" \/>\n<meta property=\"og:locale\" content=\"de_DE\" \/>\n<meta property=\"og:type\" content=\"article\" \/>\n<meta property=\"og:title\" content=\"\u00dcber uns - Millpak\" \/>\n<meta property=\"og:url\" content=\"https:\/\/millpak.ee\/de\/uber-uns\/\" \/>\n<meta property=\"og:site_name\" content=\"Millpak\" \/>\n<meta property=\"article:modified_time\" content=\"2023-10-16T07:04:55+00:00\" \/>\n<meta property=\"og:image\" content=\"https:\/\/millpak.ee\/wp-content\/uploads\/2023\/02\/millpak-03.jpg\" \/>\n\t<meta property=\"og:image:width\" content=\"2000\" \/>\n\t<meta property=\"og:image:height\" content=\"1333\" \/>\n\t<meta property=\"og:image:type\" content=\"image\/jpeg\" \/>\n<meta name=\"twitter:card\" content=\"summary_large_image\" \/>\n<meta name=\"twitter:label1\" content=\"Gesch\u00e4tzte Lesezeit\" \/>\n\t<meta name=\"twitter:data1\" content=\"3\u00a0Minuten\" \/>\n<script type=\"application\/ld+json\" class=\"yoast-schema-graph\">{\"@context\":\"https:\/\/schema.org\",\"@graph\":[{\"@type\":\"WebPage\",\"@id\":\"https:\/\/millpak.ee\/de\/uber-uns\/\",\"url\":\"https:\/\/millpak.ee\/de\/uber-uns\/\",\"name\":\"\u00dcber uns - Millpak\",\"isPartOf\":{\"@id\":\"https:\/\/millpak.ee\/#website\"},\"primaryImageOfPage\":{\"@id\":\"https:\/\/millpak.ee\/de\/uber-uns\/#primaryimage\"},\"image\":{\"@id\":\"https:\/\/millpak.ee\/de\/uber-uns\/#primaryimage\"},\"thumbnailUrl\":\"https:\/\/millpak.ee\/wp-content\/uploads\/2023\/02\/millpak-03.jpg\",\"datePublished\":\"2023-02-17T09:10:09+00:00\",\"dateModified\":\"2023-10-16T07:04:55+00:00\",\"breadcrumb\":{\"@id\":\"https:\/\/millpak.ee\/de\/uber-uns\/#breadcrumb\"},\"inLanguage\":\"de\",\"potentialAction\":[{\"@type\":\"ReadAction\",\"target\":[\"https:\/\/millpak.ee\/de\/uber-uns\/\"]}]},{\"@type\":\"ImageObject\",\"inLanguage\":\"de\",\"@id\":\"https:\/\/millpak.ee\/de\/uber-uns\/#primaryimage\",\"url\":\"https:\/\/millpak.ee\/wp-content\/uploads\/2023\/02\/millpak-03.jpg\",\"contentUrl\":\"https:\/\/millpak.ee\/wp-content\/uploads\/2023\/02\/millpak-03.jpg\",\"width\":2000,\"height\":1333},{\"@type\":\"BreadcrumbList\",\"@id\":\"https:\/\/millpak.ee\/de\/uber-uns\/#breadcrumb\",\"itemListElement\":[{\"@type\":\"ListItem\",\"position\":1,\"name\":\"Home\",\"item\":\"https:\/\/millpak.ee\/de\/\"},{\"@type\":\"ListItem\",\"position\":2,\"name\":\"\u00dcber uns\"}]},{\"@type\":\"WebSite\",\"@id\":\"https:\/\/millpak.ee\/#website\",\"url\":\"https:\/\/millpak.ee\/\",\"name\":\"Millpak\",\"description\":\"\",\"publisher\":{\"@id\":\"https:\/\/millpak.ee\/#organization\"},\"potentialAction\":[{\"@type\":\"SearchAction\",\"target\":{\"@type\":\"EntryPoint\",\"urlTemplate\":\"https:\/\/millpak.ee\/?s={search_term_string}\"},\"query-input\":{\"@type\":\"PropertyValueSpecification\",\"valueRequired\":true,\"valueName\":\"search_term_string\"}}],\"inLanguage\":\"de\"},{\"@type\":\"Organization\",\"@id\":\"https:\/\/millpak.ee\/#organization\",\"name\":\"Millpak O\u00dc\",\"url\":\"https:\/\/millpak.ee\/\",\"logo\":{\"@type\":\"ImageObject\",\"inLanguage\":\"de\",\"@id\":\"https:\/\/millpak.ee\/#\/schema\/logo\/image\/\",\"url\":\"https:\/\/millpak.ee\/wp-content\/uploads\/2023\/02\/millpak.svg\",\"contentUrl\":\"https:\/\/millpak.ee\/wp-content\/uploads\/2023\/02\/millpak.svg\",\"width\":\"1024\",\"height\":\"1024\",\"caption\":\"Millpak O\u00dc\"},\"image\":{\"@id\":\"https:\/\/millpak.ee\/#\/schema\/logo\/image\/\"}}]}<\/script>\n<!-- \/ Yoast SEO plugin. -->","yoast_head_json":{"title":"\u00dcber uns - Millpak","robots":{"index":"index","follow":"follow","max-snippet":"max-snippet:-1","max-image-preview":"max-image-preview:large","max-video-preview":"max-video-preview:-1"},"canonical":"https:\/\/millpak.ee\/de\/uber-uns\/","og_locale":"de_DE","og_type":"article","og_title":"\u00dcber uns - Millpak","og_url":"https:\/\/millpak.ee\/de\/uber-uns\/","og_site_name":"Millpak","article_modified_time":"2023-10-16T07:04:55+00:00","og_image":[{"width":2000,"height":1333,"url":"https:\/\/millpak.ee\/wp-content\/uploads\/2023\/02\/millpak-03.jpg","type":"image\/jpeg"}],"twitter_card":"summary_large_image","twitter_misc":{"Gesch\u00e4tzte Lesezeit":"3\u00a0Minuten"},"schema":{"@context":"https:\/\/schema.org","@graph":[{"@type":"WebPage","@id":"https:\/\/millpak.ee\/de\/uber-uns\/","url":"https:\/\/millpak.ee\/de\/uber-uns\/","name":"\u00dcber uns - Millpak","isPartOf":{"@id":"https:\/\/millpak.ee\/#website"},"primaryImageOfPage":{"@id":"https:\/\/millpak.ee\/de\/uber-uns\/#primaryimage"},"image":{"@id":"https:\/\/millpak.ee\/de\/uber-uns\/#primaryimage"},"thumbnailUrl":"https:\/\/millpak.ee\/wp-content\/uploads\/2023\/02\/millpak-03.jpg","datePublished":"2023-02-17T09:10:09+00:00","dateModified":"2023-10-16T07:04:55+00:00","breadcrumb":{"@id":"https:\/\/millpak.ee\/de\/uber-uns\/#breadcrumb"},"inLanguage":"de","potentialAction":[{"@type":"ReadAction","target":["https:\/\/millpak.ee\/de\/uber-uns\/"]}]},{"@type":"ImageObject","inLanguage":"de","@id":"https:\/\/millpak.ee\/de\/uber-uns\/#primaryimage","url":"https:\/\/millpak.ee\/wp-content\/uploads\/2023\/02\/millpak-03.jpg","contentUrl":"https:\/\/millpak.ee\/wp-content\/uploads\/2023\/02\/millpak-03.jpg","width":2000,"height":1333},{"@type":"BreadcrumbList","@id":"https:\/\/millpak.ee\/de\/uber-uns\/#breadcrumb","itemListElement":[{"@type":"ListItem","position":1,"name":"Home","item":"https:\/\/millpak.ee\/de\/"},{"@type":"ListItem","position":2,"name":"\u00dcber uns"}]},{"@type":"WebSite","@id":"https:\/\/millpak.ee\/#website","url":"https:\/\/millpak.ee\/","name":"Millpak","description":"","publisher":{"@id":"https:\/\/millpak.ee\/#organization"},"potentialAction":[{"@type":"SearchAction","target":{"@type":"EntryPoint","urlTemplate":"https:\/\/millpak.ee\/?s={search_term_string}"},"query-input":{"@type":"PropertyValueSpecification","valueRequired":true,"valueName":"search_term_string"}}],"inLanguage":"de"},{"@type":"Organization","@id":"https:\/\/millpak.ee\/#organization","name":"Millpak O\u00dc","url":"https:\/\/millpak.ee\/","logo":{"@type":"ImageObject","inLanguage":"de","@id":"https:\/\/millpak.ee\/#\/schema\/logo\/image\/","url":"https:\/\/millpak.ee\/wp-content\/uploads\/2023\/02\/millpak.svg","contentUrl":"https:\/\/millpak.ee\/wp-content\/uploads\/2023\/02\/millpak.svg","width":"1024","height":"1024","caption":"Millpak O\u00dc"},"image":{"@id":"https:\/\/millpak.ee\/#\/schema\/logo\/image\/"}}]}},"_links":{"self":[{"href":"https:\/\/millpak.ee\/de\/wp-json\/wp\/v2\/pages\/880","targetHints":{"allow":["GET"]}}],"collection":[{"href":"https:\/\/millpak.ee\/de\/wp-json\/wp\/v2\/pages"}],"about":[{"href":"https:\/\/millpak.ee\/de\/wp-json\/wp\/v2\/types\/page"}],"author":[{"embeddable":true,"href":"https:\/\/millpak.ee\/de\/wp-json\/wp\/v2\/users\/1"}],"replies":[{"embeddable":true,"href":"https:\/\/millpak.ee\/de\/wp-json\/wp\/v2\/comments?post=880"}],"version-history":[{"count":2,"href":"https:\/\/millpak.ee\/de\/wp-json\/wp\/v2\/pages\/880\/revisions"}],"predecessor-version":[{"id":884,"href":"https:\/\/millpak.ee\/de\/wp-json\/wp\/v2\/pages\/880\/revisions\/884"}],"wp:featuredmedia":[{"embeddable":true,"href":"https:\/\/millpak.ee\/de\/wp-json\/wp\/v2\/media\/882"}],"wp:attachment":[{"href":"https:\/\/millpak.ee\/de\/wp-json\/wp\/v2\/media?parent=880"}],"curies":[{"name":"wp","href":"https:\/\/api.w.org\/{rel}","templated":true}]}}