{"id":861,"date":"2023-02-17T07:35:38","date_gmt":"2023-02-17T07:35:38","guid":{"rendered":"https:\/\/millpak.ee\/cnc-freesimine\/"},"modified":"2023-10-16T07:07:42","modified_gmt":"2023-10-16T07:07:42","slug":"frasen-cnc-milling","status":"publish","type":"page","link":"https:\/\/millpak.ee\/de\/frasen-cnc-milling\/","title":{"rendered":"Fr\u00e4sen CNC Milling"},"content":{"rendered":"<section class=\"l-section wpb_row us_custom_2f0b7fbe us_animate_this height_huge with_img with_shape\"><div class=\"l-section-img\" role=\"img\" data-img-width=\"2000\" data-img-height=\"1249\" style=\"background-image: url(https:\/\/millpak.ee\/wp-content\/uploads\/2023\/02\/CNC-freesimine-1.jpg);background-repeat: no-repeat;\"><\/div><div class=\"l-section-overlay\" style=\"background:rgba(255,255,255,0.20)\"><\/div><div class=\"l-section-shape type_triangle pos_bottom\" style=\"height:17vmin;\"><svg xmlns=\"http:\/\/www.w3.org\/2000\/svg\" viewBox=\"0 0 64 8\" preserveAspectRatio=\"none\" width=\"100%\" height=\"100%\">\r\n\t<path fill=\"currentColor\" d=\"M64 8 L0 8 L0 0 L32 7.9 L64 0 Z\"\/>\r\n<\/svg><\/div><div class=\"l-section-h i-cf\"><div class=\"g-cols vc_row via_flex valign_middle type_default stacking_default\"><div class=\"vc_col-sm-12 wpb_column vc_column_container\"><div class=\"vc_column-inner us_custom_cb400be3\"><div class=\"wpb_wrapper\"><\/div><\/div><\/div><\/div><\/div><\/section><section class=\"l-section wpb_row us_custom_19113836 us_animate_this height_large\"><div class=\"l-section-h i-cf\"><div class=\"g-cols vc_row via_flex valign_top type_default stacking_default\"><div class=\"vc_col-sm-12 wpb_column vc_column_container\"><div class=\"vc_column-inner\"><div class=\"wpb_wrapper\"><div class=\"g-cols wpb_row via_flex valign_top type_default stacking_default\"><div class=\"vc_col-sm-3 wpb_column vc_column_container\"><div class=\"vc_column-inner\"><div class=\"wpb_wrapper\">[vc_custom_heading text=&#8220;Fr\u00e4sen CNC Milling&#8220; font_container=&#8220;tag:h1|text_align:left&#8220; use_theme_fonts=&#8220;yes&#8220; css=&#8220;%7B%22default%22%3A%7B%22color%22%3A%22_content_primary%22%2C%22font-size%22%3A%22calc%2818px%20%2B%201vmax%29%22%2C%22line-height%22%3A%221.1%22%7D%7D&#8220;]<\/div><\/div><\/div><div class=\"vc_col-sm-9 wpb_column vc_column_container\"><div class=\"vc_column-inner\"><div class=\"wpb_wrapper\"><div class=\"wpb_text_column\"><div class=\"wpb_wrapper\"><p>Wir verf\u00fcgen \u00fcber Werkzeugmaschinen, die eine Bearbeitung in vier Achsen erm\u00f6glichen. Die Abmessungen der Werkst\u00fccke, die wir bearbeiten k\u00f6nnen, betragen 1500 \u00d7 800 \u00d7 650 mm. Durch die hochpr\u00e4zise Ausr\u00fcstung und Qualifikationen k\u00f6nnen wir h\u00f6chste Produktqualit\u00e4t garantieren.<\/p>\n<\/div><\/div><\/div><\/div><\/div><\/div><\/div><\/div><\/div><\/div><\/div><\/section><section class=\"l-section wpb_row height_auto width_full\"><div class=\"l-section-h i-cf\"><div class=\"g-cols vc_row via_flex valign_top type_default stacking_default\"><div class=\"vc_col-sm-12 wpb_column vc_column_container\"><div class=\"vc_column-inner\"><div class=\"wpb_wrapper\"><div class=\"w-separator size_small with_line width_default thick_1 style_solid color_border align_center\"><div class=\"w-separator-h\"><\/div><\/div><\/div><\/div><\/div><\/div><\/div><\/section>\n","protected":false},"excerpt":{"rendered":"[vc_custom_heading text=\"Fr\u00e4sen CNC Milling\" font_container=\"tag:h1|text_align:left\" use_theme_fonts=\"yes\" css=\"%7B%22default%22%3A%7B%22color%22%3A%22_content_primary%22%2C%22font-size%22%3A%22calc%2818px%20%2B%201vmax%29%22%2C%22line-height%22%3A%221.1%22%7D%7D\"]Wir verf\u00fcgen \u00fcber Werkzeugmaschinen, die eine Bearbeitung in vier Achsen erm\u00f6glichen. Die Abmessungen der Werkst\u00fccke, die wir bearbeiten k\u00f6nnen, betragen 1500 \u00d7 800 \u00d7 650 mm. Durch die hochpr\u00e4zise Ausr\u00fcstung und Qualifikationen k\u00f6nnen wir h\u00f6chste Produktqualit\u00e4t garantieren.","protected":false},"author":1,"featured_media":863,"parent":0,"menu_order":0,"comment_status":"closed","ping_status":"closed","template":"","meta":{"footnotes":""},"class_list":["post-861","page","type-page","status-publish","has-post-thumbnail","hentry"],"yoast_head":"<!-- This site is optimized with the Yoast SEO plugin v25.0 - https:\/\/yoast.com\/wordpress\/plugins\/seo\/ -->\n<title>Fr\u00e4sen CNC Milling - Millpak<\/title>\n<meta name=\"robots\" content=\"index, follow, max-snippet:-1, max-image-preview:large, max-video-preview:-1\" \/>\n<link rel=\"canonical\" href=\"https:\/\/millpak.ee\/de\/frasen-cnc-milling\/\" \/>\n<meta property=\"og:locale\" content=\"de_DE\" \/>\n<meta property=\"og:type\" content=\"article\" \/>\n<meta property=\"og:title\" content=\"Fr\u00e4sen CNC Milling - Millpak\" \/>\n<meta property=\"og:url\" content=\"https:\/\/millpak.ee\/de\/frasen-cnc-milling\/\" \/>\n<meta property=\"og:site_name\" content=\"Millpak\" \/>\n<meta property=\"article:modified_time\" content=\"2023-10-16T07:07:42+00:00\" \/>\n<meta property=\"og:image\" content=\"https:\/\/millpak.ee\/wp-content\/uploads\/2023\/02\/CNC-freesimine-1.jpg\" \/>\n\t<meta property=\"og:image:width\" content=\"2000\" \/>\n\t<meta property=\"og:image:height\" content=\"1249\" \/>\n\t<meta property=\"og:image:type\" content=\"image\/jpeg\" \/>\n<meta name=\"twitter:card\" content=\"summary_large_image\" \/>\n<meta name=\"twitter:label1\" content=\"Gesch\u00e4tzte Lesezeit\" \/>\n\t<meta name=\"twitter:data1\" content=\"1\u00a0Minute\" \/>\n<script type=\"application\/ld+json\" class=\"yoast-schema-graph\">{\"@context\":\"https:\/\/schema.org\",\"@graph\":[{\"@type\":\"WebPage\",\"@id\":\"https:\/\/millpak.ee\/de\/frasen-cnc-milling\/\",\"url\":\"https:\/\/millpak.ee\/de\/frasen-cnc-milling\/\",\"name\":\"Fr\u00e4sen CNC Milling - Millpak\",\"isPartOf\":{\"@id\":\"https:\/\/millpak.ee\/#website\"},\"primaryImageOfPage\":{\"@id\":\"https:\/\/millpak.ee\/de\/frasen-cnc-milling\/#primaryimage\"},\"image\":{\"@id\":\"https:\/\/millpak.ee\/de\/frasen-cnc-milling\/#primaryimage\"},\"thumbnailUrl\":\"https:\/\/millpak.ee\/wp-content\/uploads\/2023\/02\/CNC-freesimine-1.jpg\",\"datePublished\":\"2023-02-17T07:35:38+00:00\",\"dateModified\":\"2023-10-16T07:07:42+00:00\",\"breadcrumb\":{\"@id\":\"https:\/\/millpak.ee\/de\/frasen-cnc-milling\/#breadcrumb\"},\"inLanguage\":\"de\",\"potentialAction\":[{\"@type\":\"ReadAction\",\"target\":[\"https:\/\/millpak.ee\/de\/frasen-cnc-milling\/\"]}]},{\"@type\":\"ImageObject\",\"inLanguage\":\"de\",\"@id\":\"https:\/\/millpak.ee\/de\/frasen-cnc-milling\/#primaryimage\",\"url\":\"https:\/\/millpak.ee\/wp-content\/uploads\/2023\/02\/CNC-freesimine-1.jpg\",\"contentUrl\":\"https:\/\/millpak.ee\/wp-content\/uploads\/2023\/02\/CNC-freesimine-1.jpg\",\"width\":2000,\"height\":1249},{\"@type\":\"BreadcrumbList\",\"@id\":\"https:\/\/millpak.ee\/de\/frasen-cnc-milling\/#breadcrumb\",\"itemListElement\":[{\"@type\":\"ListItem\",\"position\":1,\"name\":\"Home\",\"item\":\"https:\/\/millpak.ee\/de\/\"},{\"@type\":\"ListItem\",\"position\":2,\"name\":\"Fr\u00e4sen CNC Milling\"}]},{\"@type\":\"WebSite\",\"@id\":\"https:\/\/millpak.ee\/#website\",\"url\":\"https:\/\/millpak.ee\/\",\"name\":\"Millpak\",\"description\":\"\",\"publisher\":{\"@id\":\"https:\/\/millpak.ee\/#organization\"},\"potentialAction\":[{\"@type\":\"SearchAction\",\"target\":{\"@type\":\"EntryPoint\",\"urlTemplate\":\"https:\/\/millpak.ee\/?s={search_term_string}\"},\"query-input\":{\"@type\":\"PropertyValueSpecification\",\"valueRequired\":true,\"valueName\":\"search_term_string\"}}],\"inLanguage\":\"de\"},{\"@type\":\"Organization\",\"@id\":\"https:\/\/millpak.ee\/#organization\",\"name\":\"Millpak O\u00dc\",\"url\":\"https:\/\/millpak.ee\/\",\"logo\":{\"@type\":\"ImageObject\",\"inLanguage\":\"de\",\"@id\":\"https:\/\/millpak.ee\/#\/schema\/logo\/image\/\",\"url\":\"https:\/\/millpak.ee\/wp-content\/uploads\/2023\/02\/millpak.svg\",\"contentUrl\":\"https:\/\/millpak.ee\/wp-content\/uploads\/2023\/02\/millpak.svg\",\"width\":\"1024\",\"height\":\"1024\",\"caption\":\"Millpak O\u00dc\"},\"image\":{\"@id\":\"https:\/\/millpak.ee\/#\/schema\/logo\/image\/\"}}]}<\/script>\n<!-- \/ Yoast SEO plugin. -->","yoast_head_json":{"title":"Fr\u00e4sen CNC Milling - Millpak","robots":{"index":"index","follow":"follow","max-snippet":"max-snippet:-1","max-image-preview":"max-image-preview:large","max-video-preview":"max-video-preview:-1"},"canonical":"https:\/\/millpak.ee\/de\/frasen-cnc-milling\/","og_locale":"de_DE","og_type":"article","og_title":"Fr\u00e4sen CNC Milling - Millpak","og_url":"https:\/\/millpak.ee\/de\/frasen-cnc-milling\/","og_site_name":"Millpak","article_modified_time":"2023-10-16T07:07:42+00:00","og_image":[{"width":2000,"height":1249,"url":"https:\/\/millpak.ee\/wp-content\/uploads\/2023\/02\/CNC-freesimine-1.jpg","type":"image\/jpeg"}],"twitter_card":"summary_large_image","twitter_misc":{"Gesch\u00e4tzte Lesezeit":"1\u00a0Minute"},"schema":{"@context":"https:\/\/schema.org","@graph":[{"@type":"WebPage","@id":"https:\/\/millpak.ee\/de\/frasen-cnc-milling\/","url":"https:\/\/millpak.ee\/de\/frasen-cnc-milling\/","name":"Fr\u00e4sen CNC Milling - Millpak","isPartOf":{"@id":"https:\/\/millpak.ee\/#website"},"primaryImageOfPage":{"@id":"https:\/\/millpak.ee\/de\/frasen-cnc-milling\/#primaryimage"},"image":{"@id":"https:\/\/millpak.ee\/de\/frasen-cnc-milling\/#primaryimage"},"thumbnailUrl":"https:\/\/millpak.ee\/wp-content\/uploads\/2023\/02\/CNC-freesimine-1.jpg","datePublished":"2023-02-17T07:35:38+00:00","dateModified":"2023-10-16T07:07:42+00:00","breadcrumb":{"@id":"https:\/\/millpak.ee\/de\/frasen-cnc-milling\/#breadcrumb"},"inLanguage":"de","potentialAction":[{"@type":"ReadAction","target":["https:\/\/millpak.ee\/de\/frasen-cnc-milling\/"]}]},{"@type":"ImageObject","inLanguage":"de","@id":"https:\/\/millpak.ee\/de\/frasen-cnc-milling\/#primaryimage","url":"https:\/\/millpak.ee\/wp-content\/uploads\/2023\/02\/CNC-freesimine-1.jpg","contentUrl":"https:\/\/millpak.ee\/wp-content\/uploads\/2023\/02\/CNC-freesimine-1.jpg","width":2000,"height":1249},{"@type":"BreadcrumbList","@id":"https:\/\/millpak.ee\/de\/frasen-cnc-milling\/#breadcrumb","itemListElement":[{"@type":"ListItem","position":1,"name":"Home","item":"https:\/\/millpak.ee\/de\/"},{"@type":"ListItem","position":2,"name":"Fr\u00e4sen CNC Milling"}]},{"@type":"WebSite","@id":"https:\/\/millpak.ee\/#website","url":"https:\/\/millpak.ee\/","name":"Millpak","description":"","publisher":{"@id":"https:\/\/millpak.ee\/#organization"},"potentialAction":[{"@type":"SearchAction","target":{"@type":"EntryPoint","urlTemplate":"https:\/\/millpak.ee\/?s={search_term_string}"},"query-input":{"@type":"PropertyValueSpecification","valueRequired":true,"valueName":"search_term_string"}}],"inLanguage":"de"},{"@type":"Organization","@id":"https:\/\/millpak.ee\/#organization","name":"Millpak O\u00dc","url":"https:\/\/millpak.ee\/","logo":{"@type":"ImageObject","inLanguage":"de","@id":"https:\/\/millpak.ee\/#\/schema\/logo\/image\/","url":"https:\/\/millpak.ee\/wp-content\/uploads\/2023\/02\/millpak.svg","contentUrl":"https:\/\/millpak.ee\/wp-content\/uploads\/2023\/02\/millpak.svg","width":"1024","height":"1024","caption":"Millpak O\u00dc"},"image":{"@id":"https:\/\/millpak.ee\/#\/schema\/logo\/image\/"}}]}},"_links":{"self":[{"href":"https:\/\/millpak.ee\/de\/wp-json\/wp\/v2\/pages\/861","targetHints":{"allow":["GET"]}}],"collection":[{"href":"https:\/\/millpak.ee\/de\/wp-json\/wp\/v2\/pages"}],"about":[{"href":"https:\/\/millpak.ee\/de\/wp-json\/wp\/v2\/types\/page"}],"author":[{"embeddable":true,"href":"https:\/\/millpak.ee\/de\/wp-json\/wp\/v2\/users\/1"}],"replies":[{"embeddable":true,"href":"https:\/\/millpak.ee\/de\/wp-json\/wp\/v2\/comments?post=861"}],"version-history":[{"count":1,"href":"https:\/\/millpak.ee\/de\/wp-json\/wp\/v2\/pages\/861\/revisions"}],"predecessor-version":[{"id":864,"href":"https:\/\/millpak.ee\/de\/wp-json\/wp\/v2\/pages\/861\/revisions\/864"}],"wp:featuredmedia":[{"embeddable":true,"href":"https:\/\/millpak.ee\/de\/wp-json\/wp\/v2\/media\/863"}],"wp:attachment":[{"href":"https:\/\/millpak.ee\/de\/wp-json\/wp\/v2\/media?parent=861"}],"curies":[{"name":"wp","href":"https:\/\/api.w.org\/{rel}","templated":true}]}}